{"id":10578,"date":"2025-08-31T11:06:24","date_gmt":"2025-08-31T11:06:24","guid":{"rendered":"https:\/\/aramiso-test.verteco.app\/?product=garazovy-pohon-spin-bez-drahy-max-11m2"},"modified":"2025-08-31T11:06:24","modified_gmt":"2025-08-31T11:06:24","slug":"garazovy-pohon-spin-bez-drahy-max-11m2","status":"publish","type":"product","link":"https:\/\/aramiso-test.verteco.app\/?product=garazovy-pohon-spin-bez-drahy-max-11m2","title":{"rendered":"Gar\u00e1\u017eov\u00fd pohon SPIN bez dr\u00e1hy, max 11m2"},"content":{"rendered":"<p>Vle\u010dn\u00fd pohon na gar\u00e1\u017eov\u00fa br\u00e1nu. Max. plocha br\u00e1ny 10,5m2, max. v\u00fd\u0161ka br\u00e1ny 2,4m<\/p>\n","protected":false},"excerpt":{"rendered":"<p>Zna\u010dka: Nice, Plocha br\u00e1ny: 10,5 m2, Frekvencia (MHz): 433, Typ k\u00f3du: Rolling, Spomalenie motora: Spoma\u013euje pred koncov\u00fdmi polohami, Nap\u00e1janie motora: DC 24V, V\u00fdkon: 270W, Sila: 650N, R\u00fdchlos\u0165: 0,20 m\/s, Nap\u00e1janie: AC 230V, Riadiaca jednotka: SNA20R10, Stupe\u0148 ochrany: IP40<\/p>\n","protected":false},"featured_media":0,"comment_status":"closed","ping_status":"open","template":"","meta":[],"product_brand":[],"product_cat":[15],"product_tag":[],"class_list":{"0":"post-10578","1":"product","2":"type-product","3":"status-publish","5":"product_cat-uncategorized","7":"first","8":"onbackorder","9":"sale","10":"purchasable","11":"product-type-simple"},"_links":{"self":[{"href":"https:\/\/aramiso-test.verteco.app\/index.php?rest_route=\/wp\/v2\/product\/10578","targetHints":{"allow":["GET"]}}],"collection":[{"href":"https:\/\/aramiso-test.verteco.app\/index.php?rest_route=\/wp\/v2\/product"}],"about":[{"href":"https:\/\/aramiso-test.verteco.app\/index.php?rest_route=\/wp\/v2\/types\/product"}],"replies":[{"embeddable":true,"href":"https:\/\/aramiso-test.verteco.app\/index.php?rest_route=%2Fwp%2Fv2%2Fcomments&post=10578"}],"wp:attachment":[{"href":"https:\/\/aramiso-test.verteco.app\/index.php?rest_route=%2Fwp%2Fv2%2Fmedia&parent=10578"}],"wp:term":[{"taxonomy":"product_brand","embeddable":true,"href":"https:\/\/aramiso-test.verteco.app\/index.php?rest_route=%2Fwp%2Fv2%2Fproduct_brand&post=10578"},{"taxonomy":"product_cat","embeddable":true,"href":"https:\/\/aramiso-test.verteco.app\/index.php?rest_route=%2Fwp%2Fv2%2Fproduct_cat&post=10578"},{"taxonomy":"product_tag","embeddable":true,"href":"https:\/\/aramiso-test.verteco.app\/index.php?rest_route=%2Fwp%2Fv2%2Fproduct_tag&post=10578"}],"curies":[{"name":"wp","href":"https:\/\/api.w.org\/{rel}","templated":true}]}}