{"id":10569,"date":"2025-10-26T12:28:02","date_gmt":"2025-10-26T12:28:02","guid":{"rendered":"https:\/\/aramiso-test.verteco.app\/?product=priemyselny-pohon-s-enkoderom-pre-sekcne-brany-do-35m2"},"modified":"2025-10-26T12:28:03","modified_gmt":"2025-10-26T12:28:03","slug":"priemyselny-pohon-s-enkoderom-pre-sekcne-brany-do-35m2","status":"publish","type":"product","link":"https:\/\/aramiso-test.verteco.app\/?product=priemyselny-pohon-s-enkoderom-pre-sekcne-brany-do-35m2","title":{"rendered":"Priemyseln\u00fd  pohon s enkoderom pre sek\u010dne br\u00e1ny do 35m2"},"content":{"rendered":"","protected":false},"excerpt":{"rendered":"<p>Zna\u010dka: Nice, Plocha br\u00e1ny: 35 m2, Spomalenie motora: Spoma\u013euje pred koncov\u00fdmi polohami, Nap\u00e1janie motora: DC 24V, V\u00fdkon: 500W, Sila: 120 Nm, Nap\u00e1janie: AC 230V, Riadiaca jednotka: DPRO924, Stupe\u0148 ochrany: IP44, Enk\u00f3der: \u00c1no<\/p>\n","protected":false},"featured_media":0,"comment_status":"closed","ping_status":"open","template":"","meta":[],"product_brand":[],"product_cat":[15],"product_tag":[],"class_list":{"0":"post-10569","1":"product","2":"type-product","3":"status-publish","5":"product_cat-uncategorized","7":"first","8":"onbackorder","9":"sale","10":"purchasable","11":"product-type-simple"},"_links":{"self":[{"href":"https:\/\/aramiso-test.verteco.app\/index.php?rest_route=\/wp\/v2\/product\/10569","targetHints":{"allow":["GET"]}}],"collection":[{"href":"https:\/\/aramiso-test.verteco.app\/index.php?rest_route=\/wp\/v2\/product"}],"about":[{"href":"https:\/\/aramiso-test.verteco.app\/index.php?rest_route=\/wp\/v2\/types\/product"}],"replies":[{"embeddable":true,"href":"https:\/\/aramiso-test.verteco.app\/index.php?rest_route=%2Fwp%2Fv2%2Fcomments&post=10569"}],"wp:attachment":[{"href":"https:\/\/aramiso-test.verteco.app\/index.php?rest_route=%2Fwp%2Fv2%2Fmedia&parent=10569"}],"wp:term":[{"taxonomy":"product_brand","embeddable":true,"href":"https:\/\/aramiso-test.verteco.app\/index.php?rest_route=%2Fwp%2Fv2%2Fproduct_brand&post=10569"},{"taxonomy":"product_cat","embeddable":true,"href":"https:\/\/aramiso-test.verteco.app\/index.php?rest_route=%2Fwp%2Fv2%2Fproduct_cat&post=10569"},{"taxonomy":"product_tag","embeddable":true,"href":"https:\/\/aramiso-test.verteco.app\/index.php?rest_route=%2Fwp%2Fv2%2Fproduct_tag&post=10569"}],"curies":[{"name":"wp","href":"https:\/\/api.w.org\/{rel}","templated":true}]}}