{"id":10568,"date":"2025-10-26T12:28:02","date_gmt":"2025-10-26T12:28:02","guid":{"rendered":"https:\/\/aramiso-test.verteco.app\/?product=garazovy-pohon-nice-bez-drahy-max-114-m2-2"},"modified":"2025-10-26T12:28:05","modified_gmt":"2025-10-26T12:28:05","slug":"garazovy-pohon-nice-bez-drahy-max-114-m2-2","status":"publish","type":"product","link":"https:\/\/aramiso-test.verteco.app\/?product=garazovy-pohon-nice-bez-drahy-max-114-m2-2","title":{"rendered":"Gar\u00e1\u017eov\u00fd pohon Nice bez dr\u00e1hy max 11,4 m2"},"content":{"rendered":"<p><\/p>\n","protected":false},"excerpt":{"rendered":"<p>Zna\u010dka: Nice, Plocha br\u00e1ny: 11,4 m2, Frekvencia (MHz): 433, WIFI pripojenie: \u00c1no, Typ k\u00f3du: Rolling, Spomalenie motora: Spoma\u013euje pred koncov\u00fdmi polohami, Nap\u00e1janie motora: DC 24V, V\u00fdkon: 180W, Sila: 800N, R\u00fdchlos\u0165: 0,20 m\/s, Nap\u00e1janie: AC 230V<\/p>\n","protected":false},"featured_media":0,"comment_status":"closed","ping_status":"open","template":"","meta":[],"product_brand":[],"product_cat":[15],"product_tag":[],"class_list":{"0":"post-10568","1":"product","2":"type-product","3":"status-publish","5":"product_cat-uncategorized","7":"first","8":"instock","9":"sale","10":"purchasable","11":"product-type-simple"},"_links":{"self":[{"href":"https:\/\/aramiso-test.verteco.app\/index.php?rest_route=\/wp\/v2\/product\/10568","targetHints":{"allow":["GET"]}}],"collection":[{"href":"https:\/\/aramiso-test.verteco.app\/index.php?rest_route=\/wp\/v2\/product"}],"about":[{"href":"https:\/\/aramiso-test.verteco.app\/index.php?rest_route=\/wp\/v2\/types\/product"}],"replies":[{"embeddable":true,"href":"https:\/\/aramiso-test.verteco.app\/index.php?rest_route=%2Fwp%2Fv2%2Fcomments&post=10568"}],"wp:attachment":[{"href":"https:\/\/aramiso-test.verteco.app\/index.php?rest_route=%2Fwp%2Fv2%2Fmedia&parent=10568"}],"wp:term":[{"taxonomy":"product_brand","embeddable":true,"href":"https:\/\/aramiso-test.verteco.app\/index.php?rest_route=%2Fwp%2Fv2%2Fproduct_brand&post=10568"},{"taxonomy":"product_cat","embeddable":true,"href":"https:\/\/aramiso-test.verteco.app\/index.php?rest_route=%2Fwp%2Fv2%2Fproduct_cat&post=10568"},{"taxonomy":"product_tag","embeddable":true,"href":"https:\/\/aramiso-test.verteco.app\/index.php?rest_route=%2Fwp%2Fv2%2Fproduct_tag&post=10568"}],"curies":[{"name":"wp","href":"https:\/\/api.w.org\/{rel}","templated":true}]}}