{"id":10565,"date":"2025-10-26T12:28:02","date_gmt":"2025-10-26T12:28:02","guid":{"rendered":"https:\/\/aramiso-test.verteco.app\/?product=predlzenie-k-remenovej-drahe-sna30-dlzka-1m"},"modified":"2025-10-26T12:28:05","modified_gmt":"2025-10-26T12:28:05","slug":"predlzenie-k-remenovej-drahe-sna30-dlzka-1m","status":"publish","type":"product","link":"https:\/\/aramiso-test.verteco.app\/?product=predlzenie-k-remenovej-drahe-sna30-dlzka-1m","title":{"rendered":"Pred\u013a\u017eenie k reme\u0148ovej dr\u00e1he SNA30, d\u013a\u017eka 1m"},"content":{"rendered":"<p>Pred\u013a\u017eenie k reme\u0148ovej drah\u00e9 obsahuje 8m reme\u0148a.<\/p>\n","protected":false},"excerpt":{"rendered":"<p>Zna\u010dka: Nice<\/p>\n","protected":false},"featured_media":0,"comment_status":"closed","ping_status":"open","template":"","meta":[],"product_brand":[],"product_cat":[15],"product_tag":[],"class_list":{"0":"post-10565","1":"product","2":"type-product","3":"status-publish","5":"product_cat-uncategorized","7":"first","8":"instock","9":"sale","10":"purchasable","11":"product-type-simple"},"_links":{"self":[{"href":"https:\/\/aramiso-test.verteco.app\/index.php?rest_route=\/wp\/v2\/product\/10565","targetHints":{"allow":["GET"]}}],"collection":[{"href":"https:\/\/aramiso-test.verteco.app\/index.php?rest_route=\/wp\/v2\/product"}],"about":[{"href":"https:\/\/aramiso-test.verteco.app\/index.php?rest_route=\/wp\/v2\/types\/product"}],"replies":[{"embeddable":true,"href":"https:\/\/aramiso-test.verteco.app\/index.php?rest_route=%2Fwp%2Fv2%2Fcomments&post=10565"}],"wp:attachment":[{"href":"https:\/\/aramiso-test.verteco.app\/index.php?rest_route=%2Fwp%2Fv2%2Fmedia&parent=10565"}],"wp:term":[{"taxonomy":"product_brand","embeddable":true,"href":"https:\/\/aramiso-test.verteco.app\/index.php?rest_route=%2Fwp%2Fv2%2Fproduct_brand&post=10565"},{"taxonomy":"product_cat","embeddable":true,"href":"https:\/\/aramiso-test.verteco.app\/index.php?rest_route=%2Fwp%2Fv2%2Fproduct_cat&post=10565"},{"taxonomy":"product_tag","embeddable":true,"href":"https:\/\/aramiso-test.verteco.app\/index.php?rest_route=%2Fwp%2Fv2%2Fproduct_tag&post=10565"}],"curies":[{"name":"wp","href":"https:\/\/api.w.org\/{rel}","templated":true}]}}