{"id":10540,"date":"2025-10-26T12:26:51","date_gmt":"2025-10-26T12:26:51","guid":{"rendered":"https:\/\/aramiso-test.verteco.app\/?product=rollkit-bezdrotova-fotobunka-s-odrazkou-max-10m"},"modified":"2025-10-26T12:26:55","modified_gmt":"2025-10-26T12:26:55","slug":"rollkit-bezdrotova-fotobunka-s-odrazkou-max-10m","status":"publish","type":"product","link":"https:\/\/aramiso-test.verteco.app\/?product=rollkit-bezdrotova-fotobunka-s-odrazkou-max-10m","title":{"rendered":"ROLLKIT bezdr\u00f4tov\u00e1 fotobunka s odrazkou, max 10m"},"content":{"rendered":"<p>FTO-15 je inovat\u00edvny fotobunkov\u00fd syst\u00e9m, ktor\u00fd zjednodu\u0161uje in\u0161tal\u00e1ciu t\u00fdm, \u017ee nevy\u017eaduje \u0165ahanie k\u00e1blov na oba st\u013apiky, ako je to be\u017en\u00e9 pri \u0161tandardn\u00fdch fotobunk\u00e1ch. Sta\u010d\u00ed ho nain\u0161talova\u0165 na jednu stranu, pri\u010dom na druhom st\u013apiku sa nach\u00e1dza iba odrazka. Toto rie\u0161enie je ide\u00e1lne v pr\u00edpadoch, ke\u010f nie je mo\u017en\u00e9 \u0165aha\u0165 dodato\u010dn\u00e9 k\u00e1ble, napr\u00edklad kv\u00f4li prek\u00e1\u017ekam ako cesta alebo chodn\u00edk. FTO-15 m\u00e1 dosah a\u017e <strong>10 metrov<\/strong>, \u010do poskytuje spo\u013eahliv\u00fa detekciu na v\u00e4\u010d\u0161ie vzdialenosti.<\/p>\n<p>K\u013e\u00fa\u010dov\u00e9 vlastnosti:<\/p>\n<ul>\n<li>\n<strong>In\u0161tal\u00e1cia na jednu stranu<\/strong>: Nepotrebujete k\u00e1ble na oba st\u013apiky, sta\u010d\u00ed iba na jednu stranu, na druhej strane je len odrazka<\/li>\n<li>\n<strong>Dosah<\/strong>: A\u017e 10 metrov<\/li>\n<li>\n<strong>Prev\u00e1dzkov\u00e9 nap\u00e4tie<\/strong>: 12-36V DC alebo 10-24V AC<\/li>\n<li>\n<strong>Polariza\u010dn\u00fd filter<\/strong>: Presn\u00e1 detekcia leskl\u00fdch objektov<\/li>\n<li>\n<strong>Odolnos\u0165<\/strong>: Ochrana IP67, odoln\u00e1 vo\u010di prachu a vode<\/li>\n<li>\n<strong>Jednoduch\u00e9 zarovnanie<\/strong>: LED indik\u00e1tor pre jednoduch\u00e9 nastavenie<\/li>\n<li>\n<strong>V\u00fdstupn\u00e9 rel\u00e9<\/strong>: NO\/NC s mo\u017enos\u0165ou prep\u00ednania a nastavenia reakcie<\/li>\n<\/ul>\n<p>FTO-15 je ide\u00e1lne rie\u0161enie pre automatick\u00e9 br\u00e1ny a pr\u00edstupov\u00e9 syst\u00e9my, najm\u00e4 v pr\u00edpadoch, kde u\u017e nie je mo\u017en\u00e9 natiahnu\u0165 dodato\u010dn\u00e9 vodi\u010de kv\u00f4li prek\u00e1\u017ekam, ako je cesta alebo chodn\u00edk. S dosahom a\u017e 10 metrov a in\u0161tal\u00e1ciou s odrazkou na druhom st\u013apiku poskytuje spo\u013eahliv\u00fd v\u00fdkon v reziden\u010dn\u00fdch aj komer\u010dn\u00fdch priestoroch, kde je po\u017eadovan\u00e1 jednoduch\u00e1 a efekt\u00edvna in\u0161tal\u00e1cia.<\/p>\n","protected":false},"excerpt":{"rendered":"<p>Zna\u010dka: Rollkit, Nap\u00e1janie: 12-36V DC \/ 10-24V AC, Stupe\u0148 ochrany: IP67, Dosah: 10m<\/p>\n","protected":false},"featured_media":0,"comment_status":"closed","ping_status":"open","template":"","meta":[],"product_brand":[],"product_cat":[15],"product_tag":[],"class_list":{"0":"post-10540","1":"product","2":"type-product","3":"status-publish","5":"product_cat-uncategorized","7":"first","8":"onbackorder","9":"sale","10":"purchasable","11":"product-type-simple"},"_links":{"self":[{"href":"https:\/\/aramiso-test.verteco.app\/index.php?rest_route=\/wp\/v2\/product\/10540","targetHints":{"allow":["GET"]}}],"collection":[{"href":"https:\/\/aramiso-test.verteco.app\/index.php?rest_route=\/wp\/v2\/product"}],"about":[{"href":"https:\/\/aramiso-test.verteco.app\/index.php?rest_route=\/wp\/v2\/types\/product"}],"replies":[{"embeddable":true,"href":"https:\/\/aramiso-test.verteco.app\/index.php?rest_route=%2Fwp%2Fv2%2Fcomments&post=10540"}],"wp:attachment":[{"href":"https:\/\/aramiso-test.verteco.app\/index.php?rest_route=%2Fwp%2Fv2%2Fmedia&parent=10540"}],"wp:term":[{"taxonomy":"product_brand","embeddable":true,"href":"https:\/\/aramiso-test.verteco.app\/index.php?rest_route=%2Fwp%2Fv2%2Fproduct_brand&post=10540"},{"taxonomy":"product_cat","embeddable":true,"href":"https:\/\/aramiso-test.verteco.app\/index.php?rest_route=%2Fwp%2Fv2%2Fproduct_cat&post=10540"},{"taxonomy":"product_tag","embeddable":true,"href":"https:\/\/aramiso-test.verteco.app\/index.php?rest_route=%2Fwp%2Fv2%2Fproduct_tag&post=10540"}],"curies":[{"name":"wp","href":"https:\/\/api.w.org\/{rel}","templated":true}]}}