{"id":10536,"date":"2025-08-03T12:20:03","date_gmt":"2025-08-03T12:20:03","guid":{"rendered":"https:\/\/aramiso-test.verteco.app\/?product=antena-na-povrch-montaz-4339-mhz"},"modified":"2025-08-03T12:20:04","modified_gmt":"2025-08-03T12:20:04","slug":"antena-na-povrch-montaz-4339-mhz","status":"publish","type":"product","link":"https:\/\/aramiso-test.verteco.app\/?product=antena-na-povrch-montaz-4339-mhz","title":{"rendered":"Ant\u00e9na na povrch. mont\u00e1\u017e 433,9 MHz"},"content":{"rendered":"<p>Ant\u00e9na na povrch, s\u00fa\u010das\u0165ou balenia je koaxi\u00e1lny k\u00e1bel RG58, d\u013a\u017eka 5m.<\/p>\n","protected":false},"excerpt":{"rendered":"<p>Zna\u010dka: Key<\/p>\n","protected":false},"featured_media":0,"comment_status":"closed","ping_status":"open","template":"","meta":[],"product_brand":[],"product_cat":[15],"product_tag":[],"class_list":{"0":"post-10536","1":"product","2":"type-product","3":"status-publish","5":"product_cat-uncategorized","7":"first","8":"onbackorder","9":"sale","10":"purchasable","11":"product-type-simple"},"_links":{"self":[{"href":"https:\/\/aramiso-test.verteco.app\/index.php?rest_route=\/wp\/v2\/product\/10536","targetHints":{"allow":["GET"]}}],"collection":[{"href":"https:\/\/aramiso-test.verteco.app\/index.php?rest_route=\/wp\/v2\/product"}],"about":[{"href":"https:\/\/aramiso-test.verteco.app\/index.php?rest_route=\/wp\/v2\/types\/product"}],"replies":[{"embeddable":true,"href":"https:\/\/aramiso-test.verteco.app\/index.php?rest_route=%2Fwp%2Fv2%2Fcomments&post=10536"}],"wp:attachment":[{"href":"https:\/\/aramiso-test.verteco.app\/index.php?rest_route=%2Fwp%2Fv2%2Fmedia&parent=10536"}],"wp:term":[{"taxonomy":"product_brand","embeddable":true,"href":"https:\/\/aramiso-test.verteco.app\/index.php?rest_route=%2Fwp%2Fv2%2Fproduct_brand&post=10536"},{"taxonomy":"product_cat","embeddable":true,"href":"https:\/\/aramiso-test.verteco.app\/index.php?rest_route=%2Fwp%2Fv2%2Fproduct_cat&post=10536"},{"taxonomy":"product_tag","embeddable":true,"href":"https:\/\/aramiso-test.verteco.app\/index.php?rest_route=%2Fwp%2Fv2%2Fproduct_tag&post=10536"}],"curies":[{"name":"wp","href":"https:\/\/api.w.org\/{rel}","templated":true}]}}