{"id":10528,"date":"2025-08-03T12:18:59","date_gmt":"2025-08-03T12:18:59","guid":{"rendered":"https:\/\/aramiso-test.verteco.app\/?product=signalna-led-lampa-230v"},"modified":"2025-08-03T12:19:09","modified_gmt":"2025-08-03T12:19:09","slug":"signalna-led-lampa-230v","status":"publish","type":"product","link":"https:\/\/aramiso-test.verteco.app\/?product=signalna-led-lampa-230v","title":{"rendered":"Sign\u00e1lna LED lampa 230V"},"content":{"rendered":"<p>Sign\u00e1lna lampa LED \u010d\u00edra ERA LIGHT 90-240 V\/ AC s integrovanou ant\u00e9nou 433.92MHz, 155x130mm<\/p>\n","protected":false},"excerpt":{"rendered":"<p>Zna\u010dka: Nice, Frekvencia (MHz): 433<\/p>\n","protected":false},"featured_media":0,"comment_status":"closed","ping_status":"open","template":"","meta":[],"product_brand":[],"product_cat":[15],"product_tag":[],"class_list":{"0":"post-10528","1":"product","2":"type-product","3":"status-publish","5":"product_cat-uncategorized","7":"first","8":"onbackorder","9":"sale","10":"purchasable","11":"product-type-simple"},"_links":{"self":[{"href":"https:\/\/aramiso-test.verteco.app\/index.php?rest_route=\/wp\/v2\/product\/10528","targetHints":{"allow":["GET"]}}],"collection":[{"href":"https:\/\/aramiso-test.verteco.app\/index.php?rest_route=\/wp\/v2\/product"}],"about":[{"href":"https:\/\/aramiso-test.verteco.app\/index.php?rest_route=\/wp\/v2\/types\/product"}],"replies":[{"embeddable":true,"href":"https:\/\/aramiso-test.verteco.app\/index.php?rest_route=%2Fwp%2Fv2%2Fcomments&post=10528"}],"wp:attachment":[{"href":"https:\/\/aramiso-test.verteco.app\/index.php?rest_route=%2Fwp%2Fv2%2Fmedia&parent=10528"}],"wp:term":[{"taxonomy":"product_brand","embeddable":true,"href":"https:\/\/aramiso-test.verteco.app\/index.php?rest_route=%2Fwp%2Fv2%2Fproduct_brand&post=10528"},{"taxonomy":"product_cat","embeddable":true,"href":"https:\/\/aramiso-test.verteco.app\/index.php?rest_route=%2Fwp%2Fv2%2Fproduct_cat&post=10528"},{"taxonomy":"product_tag","embeddable":true,"href":"https:\/\/aramiso-test.verteco.app\/index.php?rest_route=%2Fwp%2Fv2%2Fproduct_tag&post=10528"}],"curies":[{"name":"wp","href":"https:\/\/api.w.org\/{rel}","templated":true}]}}