{"id":10526,"date":"2025-10-26T12:26:47","date_gmt":"2025-10-26T12:26:47","guid":{"rendered":"https:\/\/aramiso-test.verteco.app\/?product=blikajuca-lampa-so-zabud-antenou-bluebus-12v"},"modified":"2025-10-26T12:26:51","modified_gmt":"2025-10-26T12:26:51","slug":"blikajuca-lampa-so-zabud-antenou-bluebus-12v","status":"publish","type":"product","link":"https:\/\/aramiso-test.verteco.app\/?product=blikajuca-lampa-so-zabud-antenou-bluebus-12v","title":{"rendered":"Blikaj\u00faca lampa &#8211; so zabud. ant\u00e9nou BLUEBUS 12V"},"content":{"rendered":"<p>Blikaj\u00faca lampa NICE, ur\u010den\u00e1 pre pohony s technol\u00f3giou BLUEBUS s v\u00fdstupom na maj\u00e1k 12V.<br \/>\nOdpor\u00fa\u010dan\u00e1 n\u00e1hrada maj\u00e1ka je  UNILED<br \/>\nUniverz\u00e1lny LED maj\u00e1k s ant\u00e9nou 12V,24V,230V AC\/DC<\/p>\n","protected":false},"excerpt":{"rendered":"<p>Zna\u010dka: Nice<\/p>\n","protected":false},"featured_media":0,"comment_status":"closed","ping_status":"open","template":"","meta":[],"product_brand":[],"product_cat":[15],"product_tag":[],"class_list":{"0":"post-10526","1":"product","2":"type-product","3":"status-publish","5":"product_cat-uncategorized","7":"first","8":"instock","9":"sale","10":"purchasable","11":"product-type-simple"},"_links":{"self":[{"href":"https:\/\/aramiso-test.verteco.app\/index.php?rest_route=\/wp\/v2\/product\/10526","targetHints":{"allow":["GET"]}}],"collection":[{"href":"https:\/\/aramiso-test.verteco.app\/index.php?rest_route=\/wp\/v2\/product"}],"about":[{"href":"https:\/\/aramiso-test.verteco.app\/index.php?rest_route=\/wp\/v2\/types\/product"}],"replies":[{"embeddable":true,"href":"https:\/\/aramiso-test.verteco.app\/index.php?rest_route=%2Fwp%2Fv2%2Fcomments&post=10526"}],"wp:attachment":[{"href":"https:\/\/aramiso-test.verteco.app\/index.php?rest_route=%2Fwp%2Fv2%2Fmedia&parent=10526"}],"wp:term":[{"taxonomy":"product_brand","embeddable":true,"href":"https:\/\/aramiso-test.verteco.app\/index.php?rest_route=%2Fwp%2Fv2%2Fproduct_brand&post=10526"},{"taxonomy":"product_cat","embeddable":true,"href":"https:\/\/aramiso-test.verteco.app\/index.php?rest_route=%2Fwp%2Fv2%2Fproduct_cat&post=10526"},{"taxonomy":"product_tag","embeddable":true,"href":"https:\/\/aramiso-test.verteco.app\/index.php?rest_route=%2Fwp%2Fv2%2Fproduct_tag&post=10526"}],"curies":[{"name":"wp","href":"https:\/\/api.w.org\/{rel}","templated":true}]}}