{"id":10523,"date":"2025-08-25T11:18:11","date_gmt":"2025-08-25T11:18:11","guid":{"rendered":"https:\/\/aramiso-test.verteco.app\/?product=came-bluetooth-ovladac-pre-automaticke-otvaranie-brany"},"modified":"2025-08-25T11:18:12","modified_gmt":"2025-08-25T11:18:12","slug":"came-bluetooth-ovladac-pre-automaticke-otvaranie-brany","status":"publish","type":"product","link":"https:\/\/aramiso-test.verteco.app\/?product=came-bluetooth-ovladac-pre-automaticke-otvaranie-brany","title":{"rendered":"CAME Bluetooth ovlada\u010d pre automatick\u00e9 otv\u00e1ranie br\u00e1ny"},"content":{"rendered":"<p>CAME Bluetooth Selector pre automatick\u00e9 otv\u00e1ranie s aplik\u00e1ciou pre 15 uzivatelov.<br \/>\n<a href=\"https:\/\/www.cameconnect.net\/login\" title=\"Aplikacia:\"> Aplik\u00e1cia CAME Connect <\/a><br \/>\n<iframe width=\"560\" height=\"315\" src=\"https:\/\/www.youtube.com\/embed\/NFQq_LMHCxs?si=63DlyAaMdaC09E4T\" frameborder=\"0\" allowfullscreen><\/iframe><\/p>\n","protected":false},"excerpt":{"rendered":"<p>Zna\u010dka: Came<\/p>\n","protected":false},"featured_media":0,"comment_status":"closed","ping_status":"open","template":"","meta":[],"product_brand":[],"product_cat":[15],"product_tag":[],"class_list":{"0":"post-10523","1":"product","2":"type-product","3":"status-publish","5":"product_cat-uncategorized","7":"first","8":"instock","9":"sale","10":"purchasable","11":"product-type-simple"},"_links":{"self":[{"href":"https:\/\/aramiso-test.verteco.app\/index.php?rest_route=\/wp\/v2\/product\/10523","targetHints":{"allow":["GET"]}}],"collection":[{"href":"https:\/\/aramiso-test.verteco.app\/index.php?rest_route=\/wp\/v2\/product"}],"about":[{"href":"https:\/\/aramiso-test.verteco.app\/index.php?rest_route=\/wp\/v2\/types\/product"}],"replies":[{"embeddable":true,"href":"https:\/\/aramiso-test.verteco.app\/index.php?rest_route=%2Fwp%2Fv2%2Fcomments&post=10523"}],"wp:attachment":[{"href":"https:\/\/aramiso-test.verteco.app\/index.php?rest_route=%2Fwp%2Fv2%2Fmedia&parent=10523"}],"wp:term":[{"taxonomy":"product_brand","embeddable":true,"href":"https:\/\/aramiso-test.verteco.app\/index.php?rest_route=%2Fwp%2Fv2%2Fproduct_brand&post=10523"},{"taxonomy":"product_cat","embeddable":true,"href":"https:\/\/aramiso-test.verteco.app\/index.php?rest_route=%2Fwp%2Fv2%2Fproduct_cat&post=10523"},{"taxonomy":"product_tag","embeddable":true,"href":"https:\/\/aramiso-test.verteco.app\/index.php?rest_route=%2Fwp%2Fv2%2Fproduct_tag&post=10523"}],"curies":[{"name":"wp","href":"https:\/\/api.w.org\/{rel}","templated":true}]}}