{"id":10519,"date":"2025-08-03T12:18:59","date_gmt":"2025-08-03T12:18:59","guid":{"rendered":"https:\/\/aramiso-test.verteco.app\/?product=citacka-pre-mag-karty-s-bluebus-max-255-kariet"},"modified":"2025-08-03T12:19:02","modified_gmt":"2025-08-03T12:19:02","slug":"citacka-pre-mag-karty-s-bluebus-max-255-kariet","status":"publish","type":"product","link":"https:\/\/aramiso-test.verteco.app\/?product=citacka-pre-mag-karty-s-bluebus-max-255-kariet","title":{"rendered":"\u010c\u00edta\u010dka pre mag. karty s BlueBus max. 255 kariet"},"content":{"rendered":"<p>\u010c\u00edta\u010dka pre mag. karty s technol\u00f3giou Nice BlueBUS, max. 255 kariet<\/p>\n","protected":false},"excerpt":{"rendered":"<p>Zna\u010dka: Nice<\/p>\n","protected":false},"featured_media":0,"comment_status":"closed","ping_status":"open","template":"","meta":[],"product_brand":[],"product_cat":[15],"product_tag":[],"class_list":{"0":"post-10519","1":"product","2":"type-product","3":"status-publish","5":"product_cat-uncategorized","7":"first","8":"instock","9":"sale","10":"purchasable","11":"product-type-simple"},"_links":{"self":[{"href":"https:\/\/aramiso-test.verteco.app\/index.php?rest_route=\/wp\/v2\/product\/10519","targetHints":{"allow":["GET"]}}],"collection":[{"href":"https:\/\/aramiso-test.verteco.app\/index.php?rest_route=\/wp\/v2\/product"}],"about":[{"href":"https:\/\/aramiso-test.verteco.app\/index.php?rest_route=\/wp\/v2\/types\/product"}],"replies":[{"embeddable":true,"href":"https:\/\/aramiso-test.verteco.app\/index.php?rest_route=%2Fwp%2Fv2%2Fcomments&post=10519"}],"wp:attachment":[{"href":"https:\/\/aramiso-test.verteco.app\/index.php?rest_route=%2Fwp%2Fv2%2Fmedia&parent=10519"}],"wp:term":[{"taxonomy":"product_brand","embeddable":true,"href":"https:\/\/aramiso-test.verteco.app\/index.php?rest_route=%2Fwp%2Fv2%2Fproduct_brand&post=10519"},{"taxonomy":"product_cat","embeddable":true,"href":"https:\/\/aramiso-test.verteco.app\/index.php?rest_route=%2Fwp%2Fv2%2Fproduct_cat&post=10519"},{"taxonomy":"product_tag","embeddable":true,"href":"https:\/\/aramiso-test.verteco.app\/index.php?rest_route=%2Fwp%2Fv2%2Fproduct_tag&post=10519"}],"curies":[{"name":"wp","href":"https:\/\/api.w.org\/{rel}","templated":true}]}}