{"id":10497,"date":"2025-08-03T12:18:45","date_gmt":"2025-08-03T12:18:45","guid":{"rendered":"https:\/\/aramiso-test.verteco.app\/?product=vysielac-nice-smilo-433mhz-4ch-rolling-code"},"modified":"2025-08-03T12:18:46","modified_gmt":"2025-08-03T12:18:46","slug":"vysielac-nice-smilo-433mhz-4ch-rolling-code","status":"publish","type":"product","link":"https:\/\/aramiso-test.verteco.app\/?product=vysielac-nice-smilo-433mhz-4ch-rolling-code","title":{"rendered":"Vysiela\u010d NICE SMILO 433Mhz, 4CH, rolling code"},"content":{"rendered":"<p>Univerz\u00e1lny dia\u013ekov\u00fd vysiela\u010d na br\u00e1ny kompatibiln\u00fd s vysiela\u010dmi od v\u00fdrobcu NICE. K\u00f3dy nie je potrebn\u00e9 skop\u00edrova\u0165 z origin\u00e1lneho vysiela\u010da, ovl\u00e1da\u010d je pripraven\u00fd k zladeniu s pohonom bez kop\u00edrovania.<\/p>\n<p>NICE: SM-2, SM-4<\/p>\n","protected":false},"excerpt":{"rendered":"<p>Zna\u010dka: Rollkit, Frekvencia (MHz): 433, Typ k\u00f3du: Rolling, Typ bat\u00e9rie: 3V CR2032, Po\u010det kan\u00e1lov: 4<\/p>\n","protected":false},"featured_media":0,"comment_status":"closed","ping_status":"open","template":"","meta":[],"product_brand":[],"product_cat":[15],"product_tag":[],"class_list":{"0":"post-10497","1":"product","2":"type-product","3":"status-publish","5":"product_cat-uncategorized","7":"first","8":"onbackorder","9":"sale","10":"purchasable","11":"product-type-simple"},"_links":{"self":[{"href":"https:\/\/aramiso-test.verteco.app\/index.php?rest_route=\/wp\/v2\/product\/10497","targetHints":{"allow":["GET"]}}],"collection":[{"href":"https:\/\/aramiso-test.verteco.app\/index.php?rest_route=\/wp\/v2\/product"}],"about":[{"href":"https:\/\/aramiso-test.verteco.app\/index.php?rest_route=\/wp\/v2\/types\/product"}],"replies":[{"embeddable":true,"href":"https:\/\/aramiso-test.verteco.app\/index.php?rest_route=%2Fwp%2Fv2%2Fcomments&post=10497"}],"wp:attachment":[{"href":"https:\/\/aramiso-test.verteco.app\/index.php?rest_route=%2Fwp%2Fv2%2Fmedia&parent=10497"}],"wp:term":[{"taxonomy":"product_brand","embeddable":true,"href":"https:\/\/aramiso-test.verteco.app\/index.php?rest_route=%2Fwp%2Fv2%2Fproduct_brand&post=10497"},{"taxonomy":"product_cat","embeddable":true,"href":"https:\/\/aramiso-test.verteco.app\/index.php?rest_route=%2Fwp%2Fv2%2Fproduct_cat&post=10497"},{"taxonomy":"product_tag","embeddable":true,"href":"https:\/\/aramiso-test.verteco.app\/index.php?rest_route=%2Fwp%2Fv2%2Fproduct_tag&post=10497"}],"curies":[{"name":"wp","href":"https:\/\/api.w.org\/{rel}","templated":true}]}}