{"id":10493,"date":"2025-10-26T12:26:41","date_gmt":"2025-10-26T12:26:41","guid":{"rendered":"https:\/\/aramiso-test.verteco.app\/?product=came-top-dialkove-ovladanie-fix-code-2ch-came"},"modified":"2025-10-26T12:26:42","modified_gmt":"2025-10-26T12:26:42","slug":"came-top-dialkove-ovladanie-fix-code-2ch-came","status":"publish","type":"product","link":"https:\/\/aramiso-test.verteco.app\/?product=came-top-dialkove-ovladanie-fix-code-2ch-came","title":{"rendered":"Came TOP, Dia\u013ekov\u00e9 ovl\u00e1danie fix code, 2CH, CAME"},"content":{"rendered":"<p>Dia\u013ekov\u00fd univerz\u00e1lny ovl\u00e1da\u010d TOP\/TAM zna\u010dky CAME dvojkan\u00e1lov\u00fd s pevn\u00fdm k\u00f3dom. Frekvencia 433,92MHz.<br \/>\nBat\u00e9ria je s\u00fa\u010das\u0165ou balenia.<\/p>\n","protected":false},"excerpt":{"rendered":"<p>Zna\u010dka: Came, Frekvencia (MHz): 433, Typ k\u00f3du: Fix, Typ bat\u00e9rie: 2x 3V CR2016, Po\u010det kan\u00e1lov: 2<\/p>\n","protected":false},"featured_media":0,"comment_status":"closed","ping_status":"open","template":"","meta":[],"product_brand":[],"product_cat":[15],"product_tag":[],"class_list":{"0":"post-10493","1":"product","2":"type-product","3":"status-publish","5":"product_cat-uncategorized","7":"first","8":"onbackorder","9":"sale","10":"purchasable","11":"product-type-simple"},"_links":{"self":[{"href":"https:\/\/aramiso-test.verteco.app\/index.php?rest_route=\/wp\/v2\/product\/10493","targetHints":{"allow":["GET"]}}],"collection":[{"href":"https:\/\/aramiso-test.verteco.app\/index.php?rest_route=\/wp\/v2\/product"}],"about":[{"href":"https:\/\/aramiso-test.verteco.app\/index.php?rest_route=\/wp\/v2\/types\/product"}],"replies":[{"embeddable":true,"href":"https:\/\/aramiso-test.verteco.app\/index.php?rest_route=%2Fwp%2Fv2%2Fcomments&post=10493"}],"wp:attachment":[{"href":"https:\/\/aramiso-test.verteco.app\/index.php?rest_route=%2Fwp%2Fv2%2Fmedia&parent=10493"}],"wp:term":[{"taxonomy":"product_brand","embeddable":true,"href":"https:\/\/aramiso-test.verteco.app\/index.php?rest_route=%2Fwp%2Fv2%2Fproduct_brand&post=10493"},{"taxonomy":"product_cat","embeddable":true,"href":"https:\/\/aramiso-test.verteco.app\/index.php?rest_route=%2Fwp%2Fv2%2Fproduct_cat&post=10493"},{"taxonomy":"product_tag","embeddable":true,"href":"https:\/\/aramiso-test.verteco.app\/index.php?rest_route=%2Fwp%2Fv2%2Fproduct_tag&post=10493"}],"curies":[{"name":"wp","href":"https:\/\/api.w.org\/{rel}","templated":true}]}}