{"id":10492,"date":"2025-08-03T12:18:32","date_gmt":"2025-08-03T12:18:32","guid":{"rendered":"https:\/\/aramiso-test.verteco.app\/?product=came-dialkove-ovladanie-rolling-code-4ch"},"modified":"2025-08-03T12:18:43","modified_gmt":"2025-08-03T12:18:43","slug":"came-dialkove-ovladanie-rolling-code-4ch","status":"publish","type":"product","link":"https:\/\/aramiso-test.verteco.app\/?product=came-dialkove-ovladanie-rolling-code-4ch","title":{"rendered":"Came dia\u013ekov\u00e9 ovl\u00e1danie rolling code, 4CH"},"content":{"rendered":"<p>Dia\u013ekov\u00fd ovl\u00e1da\u010d CAME s pl\u00e1vaj\u00facim k\u00f3dom. Frekvencia 433,92 \/ 868MHz.<\/p>\n","protected":false},"excerpt":{"rendered":"<p>Zna\u010dka: Came, Frekvencia (MHz): Multi (433\/868), Typ k\u00f3du: Rolling, Typ bat\u00e9rie: 3V CR2032, Po\u010det kan\u00e1lov: 4<\/p>\n","protected":false},"featured_media":0,"comment_status":"closed","ping_status":"open","template":"","meta":[],"product_brand":[],"product_cat":[15],"product_tag":[],"class_list":{"0":"post-10492","1":"product","2":"type-product","3":"status-publish","5":"product_cat-uncategorized","7":"first","8":"onbackorder","9":"sale","10":"purchasable","11":"product-type-simple"},"_links":{"self":[{"href":"https:\/\/aramiso-test.verteco.app\/index.php?rest_route=\/wp\/v2\/product\/10492","targetHints":{"allow":["GET"]}}],"collection":[{"href":"https:\/\/aramiso-test.verteco.app\/index.php?rest_route=\/wp\/v2\/product"}],"about":[{"href":"https:\/\/aramiso-test.verteco.app\/index.php?rest_route=\/wp\/v2\/types\/product"}],"replies":[{"embeddable":true,"href":"https:\/\/aramiso-test.verteco.app\/index.php?rest_route=%2Fwp%2Fv2%2Fcomments&post=10492"}],"wp:attachment":[{"href":"https:\/\/aramiso-test.verteco.app\/index.php?rest_route=%2Fwp%2Fv2%2Fmedia&parent=10492"}],"wp:term":[{"taxonomy":"product_brand","embeddable":true,"href":"https:\/\/aramiso-test.verteco.app\/index.php?rest_route=%2Fwp%2Fv2%2Fproduct_brand&post=10492"},{"taxonomy":"product_cat","embeddable":true,"href":"https:\/\/aramiso-test.verteco.app\/index.php?rest_route=%2Fwp%2Fv2%2Fproduct_cat&post=10492"},{"taxonomy":"product_tag","embeddable":true,"href":"https:\/\/aramiso-test.verteco.app\/index.php?rest_route=%2Fwp%2Fv2%2Fproduct_tag&post=10492"}],"curies":[{"name":"wp","href":"https:\/\/api.w.org\/{rel}","templated":true}]}}