{"id":10490,"date":"2025-08-03T12:18:32","date_gmt":"2025-08-03T12:18:32","guid":{"rendered":"https:\/\/aramiso-test.verteco.app\/?product=came-dialkove-ovladanie-rolling-code-2"},"modified":"2025-08-03T12:18:42","modified_gmt":"2025-08-03T12:18:42","slug":"came-dialkove-ovladanie-rolling-code-2","status":"publish","type":"product","link":"https:\/\/aramiso-test.verteco.app\/?product=came-dialkove-ovladanie-rolling-code-2","title":{"rendered":"Came Dia\u013ekov\u00e9 ovl\u00e1danie rolling code"},"content":{"rendered":"<p>Vysiela\u010d-433,9 MHz \u0161tvorkan\u00e1lov\u00fd, pl\u00e1vaj\u00faci k\u00f3d.<\/p>\n","protected":false},"excerpt":{"rendered":"<p>Zna\u010dka: Came, Frekvencia (MHz): 433, Typ k\u00f3du: Rolling, Typ bat\u00e9rie: 3V CR2032, Po\u010det kan\u00e1lov: 4<\/p>\n","protected":false},"featured_media":0,"comment_status":"closed","ping_status":"open","template":"","meta":[],"product_brand":[],"product_cat":[15],"product_tag":[],"class_list":{"0":"post-10490","1":"product","2":"type-product","3":"status-publish","5":"product_cat-uncategorized","7":"first","8":"onbackorder","9":"sale","10":"purchasable","11":"product-type-simple"},"_links":{"self":[{"href":"https:\/\/aramiso-test.verteco.app\/index.php?rest_route=\/wp\/v2\/product\/10490","targetHints":{"allow":["GET"]}}],"collection":[{"href":"https:\/\/aramiso-test.verteco.app\/index.php?rest_route=\/wp\/v2\/product"}],"about":[{"href":"https:\/\/aramiso-test.verteco.app\/index.php?rest_route=\/wp\/v2\/types\/product"}],"replies":[{"embeddable":true,"href":"https:\/\/aramiso-test.verteco.app\/index.php?rest_route=%2Fwp%2Fv2%2Fcomments&post=10490"}],"wp:attachment":[{"href":"https:\/\/aramiso-test.verteco.app\/index.php?rest_route=%2Fwp%2Fv2%2Fmedia&parent=10490"}],"wp:term":[{"taxonomy":"product_brand","embeddable":true,"href":"https:\/\/aramiso-test.verteco.app\/index.php?rest_route=%2Fwp%2Fv2%2Fproduct_brand&post=10490"},{"taxonomy":"product_cat","embeddable":true,"href":"https:\/\/aramiso-test.verteco.app\/index.php?rest_route=%2Fwp%2Fv2%2Fproduct_cat&post=10490"},{"taxonomy":"product_tag","embeddable":true,"href":"https:\/\/aramiso-test.verteco.app\/index.php?rest_route=%2Fwp%2Fv2%2Fproduct_tag&post=10490"}],"curies":[{"name":"wp","href":"https:\/\/api.w.org\/{rel}","templated":true}]}}