{"id":10471,"date":"2025-08-03T12:18:17","date_gmt":"2025-08-03T12:18:17","guid":{"rendered":"https:\/\/aramiso-test.verteco.app\/?product=dialkovy-ovladac-nice-flo2r-dvojkanalovy-rolling-c"},"modified":"2025-08-03T12:18:29","modified_gmt":"2025-08-03T12:18:29","slug":"dialkovy-ovladac-nice-flo2r-dvojkanalovy-rolling-c","status":"publish","type":"product","link":"https:\/\/aramiso-test.verteco.app\/?product=dialkovy-ovladac-nice-flo2r-dvojkanalovy-rolling-c","title":{"rendered":"Dia\u013ekov\u00fd ovl\u00e1da\u010d NICE FLO2R dvojkan\u00e1lov\u00fd rolling c"},"content":{"rendered":"","protected":false},"excerpt":{"rendered":"<p>Zna\u010dka: Nice, Frekvencia (MHz): 433, Typ k\u00f3du: Rolling, Typ bat\u00e9rie: 12V A23, Po\u010det kan\u00e1lov: 2<\/p>\n","protected":false},"featured_media":0,"comment_status":"closed","ping_status":"open","template":"","meta":[],"product_brand":[],"product_cat":[15],"product_tag":[],"class_list":{"0":"post-10471","1":"product","2":"type-product","3":"status-publish","5":"product_cat-uncategorized","7":"first","8":"onbackorder","9":"sale","10":"purchasable","11":"product-type-simple"},"_links":{"self":[{"href":"https:\/\/aramiso-test.verteco.app\/index.php?rest_route=\/wp\/v2\/product\/10471","targetHints":{"allow":["GET"]}}],"collection":[{"href":"https:\/\/aramiso-test.verteco.app\/index.php?rest_route=\/wp\/v2\/product"}],"about":[{"href":"https:\/\/aramiso-test.verteco.app\/index.php?rest_route=\/wp\/v2\/types\/product"}],"replies":[{"embeddable":true,"href":"https:\/\/aramiso-test.verteco.app\/index.php?rest_route=%2Fwp%2Fv2%2Fcomments&post=10471"}],"wp:attachment":[{"href":"https:\/\/aramiso-test.verteco.app\/index.php?rest_route=%2Fwp%2Fv2%2Fmedia&parent=10471"}],"wp:term":[{"taxonomy":"product_brand","embeddable":true,"href":"https:\/\/aramiso-test.verteco.app\/index.php?rest_route=%2Fwp%2Fv2%2Fproduct_brand&post=10471"},{"taxonomy":"product_cat","embeddable":true,"href":"https:\/\/aramiso-test.verteco.app\/index.php?rest_route=%2Fwp%2Fv2%2Fproduct_cat&post=10471"},{"taxonomy":"product_tag","embeddable":true,"href":"https:\/\/aramiso-test.verteco.app\/index.php?rest_route=%2Fwp%2Fv2%2Fproduct_tag&post=10471"}],"curies":[{"name":"wp","href":"https:\/\/api.w.org\/{rel}","templated":true}]}}