{"id":10458,"date":"2025-10-26T12:26:30","date_gmt":"2025-10-26T12:26:30","guid":{"rendered":"https:\/\/aramiso-test.verteco.app\/?product=zadna-konzola-pre-kridlovy-pohon"},"modified":"2025-10-26T12:26:32","modified_gmt":"2025-10-26T12:26:32","slug":"zadna-konzola-pre-kridlovy-pohon","status":"publish","type":"product","link":"https:\/\/aramiso-test.verteco.app\/?product=zadna-konzola-pre-kridlovy-pohon","title":{"rendered":"Zadna konzola pre kr\u00eddlov\u00fd pohon"},"content":{"rendered":"<p><strong>PLA14-U &#8211; Zadn\u00e1 konzola pre pohon kr\u00eddlovej br\u00e1ny<\/strong><\/p>\n<p>PLA14-U je inovat\u00edvna zadn\u00e1 konzola navrhnut\u00e1 pre pohony kr\u00eddlov\u00fdch br\u00e1n. Tento produkt je ide\u00e1lnym rie\u0161en\u00edm pre profesion\u00e1lov, ktor\u00ed h\u013eadaj\u00fa r\u00fdchlu a efekt\u00edvnu in\u0161tal\u00e1ciu bez potreby zvarovania.<\/p>\n<ul>\n<li>\n<strong>Jednoduch\u00e1 in\u0161tal\u00e1cia:<\/strong> Konzola je ur\u010den\u00e1 na priskrutkovanie, \u010do zna\u010dne u\u013eah\u010duje proces mont\u00e1\u017ee. Umo\u017e\u0148uje r\u00fdchle a bezpe\u010dn\u00e9 upevnenie bez nutnosti zlo\u017eit\u00fdch zv\u00e1rac\u00edch pr\u00e1c.<\/li>\n<li>\n<strong>Perforovan\u00e9 pre presnos\u0165:<\/strong> \u0160peci\u00e1lne perforovan\u00e9 otvory konzoly umo\u017e\u0148uj\u00fa dosiahnu\u0165 spr\u00e1vnu geometriu kotvenia, \u010d\u00edm sa zvy\u0161uje stabilita a bezpe\u010dnos\u0165 celej kon\u0161trukcie.<\/li>\n<li>\n<strong>Univerz\u00e1lne pou\u017eitie:<\/strong> PLA14-U je kompatibiln\u00e1 s r\u00f4znymi modelmi pohonov, ako s\u00fa Wingo, Toona a Ray, \u010do ju rob\u00ed ve\u013emi flexibilnou a vhodnou pre \u0161irok\u00e9 spektrum aplik\u00e1ci\u00ed.<\/li>\n<li>\n<strong>Odolnos\u0165 a kvalita:<\/strong> Vyroben\u00e1 z kvalitn\u00fdch materi\u00e1lov, konzola zaru\u010duje dlh\u00fa \u017eivotnos\u0165 a odolnos\u0165 vo\u010di poveternostn\u00fdm vplyvom.<\/li>\n<li>\n<strong>Ide\u00e1lna pre hlin\u00edkov\u00e9 br\u00e1ny:<\/strong> Z\u00e1kazn\u00edci ju vyu\u017eij\u00fa hlavne pri hlin\u00edkov\u00fdch br\u00e1nach, kde nav\u00e1ranie oce\u013eov\u00fdch konzol nie je mo\u017en\u00e9.<\/li>\n<\/ul>\n<p>PLA14-U je ide\u00e1lnou vo\u013ebou pre ka\u017ed\u00e9ho, kto h\u013ead\u00e1 spo\u013eahliv\u00e9 a efekt\u00edvne rie\u0161enie pre in\u0161tal\u00e1ciu pohonov kr\u00eddlov\u00fdch br\u00e1n.<\/p>\n","protected":false},"excerpt":{"rendered":"<p>Materi\u00e1l: Oce\u013e, Povrchov\u00e1 \u00faprava: Zinok<\/p>\n","protected":false},"featured_media":0,"comment_status":"closed","ping_status":"open","template":"","meta":[],"product_brand":[],"product_cat":[15],"product_tag":[],"class_list":{"0":"post-10458","1":"product","2":"type-product","3":"status-publish","5":"product_cat-uncategorized","7":"first","8":"onbackorder","9":"sale","10":"purchasable","11":"product-type-simple"},"_links":{"self":[{"href":"https:\/\/aramiso-test.verteco.app\/index.php?rest_route=\/wp\/v2\/product\/10458","targetHints":{"allow":["GET"]}}],"collection":[{"href":"https:\/\/aramiso-test.verteco.app\/index.php?rest_route=\/wp\/v2\/product"}],"about":[{"href":"https:\/\/aramiso-test.verteco.app\/index.php?rest_route=\/wp\/v2\/types\/product"}],"replies":[{"embeddable":true,"href":"https:\/\/aramiso-test.verteco.app\/index.php?rest_route=%2Fwp%2Fv2%2Fcomments&post=10458"}],"wp:attachment":[{"href":"https:\/\/aramiso-test.verteco.app\/index.php?rest_route=%2Fwp%2Fv2%2Fmedia&parent=10458"}],"wp:term":[{"taxonomy":"product_brand","embeddable":true,"href":"https:\/\/aramiso-test.verteco.app\/index.php?rest_route=%2Fwp%2Fv2%2Fproduct_brand&post=10458"},{"taxonomy":"product_cat","embeddable":true,"href":"https:\/\/aramiso-test.verteco.app\/index.php?rest_route=%2Fwp%2Fv2%2Fproduct_cat&post=10458"},{"taxonomy":"product_tag","embeddable":true,"href":"https:\/\/aramiso-test.verteco.app\/index.php?rest_route=%2Fwp%2Fv2%2Fproduct_tag&post=10458"}],"curies":[{"name":"wp","href":"https:\/\/api.w.org\/{rel}","templated":true}]}}