{"id":10433,"date":"2025-10-26T12:26:24","date_gmt":"2025-10-26T12:26:24","guid":{"rendered":"https:\/\/aramiso-test.verteco.app\/?product=rollkit-motor-pre-kridlovu-branu-pravy"},"modified":"2025-10-26T12:26:25","modified_gmt":"2025-10-26T12:26:25","slug":"rollkit-motor-pre-kridlovu-branu-pravy","status":"publish","type":"product","link":"https:\/\/aramiso-test.verteco.app\/?product=rollkit-motor-pre-kridlovu-branu-pravy","title":{"rendered":"ROLLKIT motor pre kr\u00eddlov\u00fa br\u00e1nu prav\u00fd"},"content":{"rendered":"","protected":false},"excerpt":{"rendered":"<p>Zna\u010dka: Rollkit, Max. d\u013a\u017eka kr\u00eddla: 3m, Hmotnos\u0165 kr\u00eddla (odpor\u00fa\u010dan\u00e1): 120kg, Koncov\u00fd doraz: Potrebn\u00e9 dorazy pre otvoren\u00fa aj zatvoren\u00fa polohu, Nap\u00e1janie motora: AC 230V, V\u00fdkon: 330W, Sila: 1600N, R\u00fdchlos\u0165: 90\u00b0 &#8211; 17s, Typ: \u0161nekov\u00e9, Riadiaca jednotka: CUW-2, Kondenz\u00e1tor: 8uF<\/p>\n","protected":false},"featured_media":0,"comment_status":"closed","ping_status":"open","template":"","meta":[],"product_brand":[],"product_cat":[15],"product_tag":[],"class_list":{"0":"post-10433","1":"product","2":"type-product","3":"status-publish","5":"product_cat-uncategorized","7":"first","8":"instock","9":"sale","10":"purchasable","11":"product-type-simple"},"_links":{"self":[{"href":"https:\/\/aramiso-test.verteco.app\/index.php?rest_route=\/wp\/v2\/product\/10433","targetHints":{"allow":["GET"]}}],"collection":[{"href":"https:\/\/aramiso-test.verteco.app\/index.php?rest_route=\/wp\/v2\/product"}],"about":[{"href":"https:\/\/aramiso-test.verteco.app\/index.php?rest_route=\/wp\/v2\/types\/product"}],"replies":[{"embeddable":true,"href":"https:\/\/aramiso-test.verteco.app\/index.php?rest_route=%2Fwp%2Fv2%2Fcomments&post=10433"}],"wp:attachment":[{"href":"https:\/\/aramiso-test.verteco.app\/index.php?rest_route=%2Fwp%2Fv2%2Fmedia&parent=10433"}],"wp:term":[{"taxonomy":"product_brand","embeddable":true,"href":"https:\/\/aramiso-test.verteco.app\/index.php?rest_route=%2Fwp%2Fv2%2Fproduct_brand&post=10433"},{"taxonomy":"product_cat","embeddable":true,"href":"https:\/\/aramiso-test.verteco.app\/index.php?rest_route=%2Fwp%2Fv2%2Fproduct_cat&post=10433"},{"taxonomy":"product_tag","embeddable":true,"href":"https:\/\/aramiso-test.verteco.app\/index.php?rest_route=%2Fwp%2Fv2%2Fproduct_tag&post=10433"}],"curies":[{"name":"wp","href":"https:\/\/api.w.org\/{rel}","templated":true}]}}