{"id":10432,"date":"2025-08-25T11:16:52","date_gmt":"2025-08-25T11:16:52","guid":{"rendered":"https:\/\/aramiso-test.verteco.app\/?product=pohon-lavy-motor-pre-jedno-kridlo-rollkit-do-2m"},"modified":"2025-08-25T11:16:58","modified_gmt":"2025-08-25T11:16:58","slug":"pohon-lavy-motor-pre-jedno-kridlo-rollkit-do-2m","status":"publish","type":"product","link":"https:\/\/aramiso-test.verteco.app\/?product=pohon-lavy-motor-pre-jedno-kridlo-rollkit-do-2m","title":{"rendered":"pohon \u013eav\u00fd &#8211; motor pre jedno kr\u00eddlo ROLLKIT do 2m\/"},"content":{"rendered":"","protected":false},"excerpt":{"rendered":"<p>Zna\u010dka: Rollkit, Max. d\u013a\u017eka kr\u00eddla: 2,5m, Hmotnos\u0165 kr\u00eddla (odpor\u00fa\u010dan\u00e1): 100kg, Koncov\u00fd doraz: Potrebn\u00e9 dorazy pre otvoren\u00fa aj zatvoren\u00fa polohu, Nap\u00e1janie motora: DC 24V, Sila: 2000N, Typ: \u0161nekov\u00e9, Riadiaca jednotka: CUW-24S<\/p>\n","protected":false},"featured_media":0,"comment_status":"closed","ping_status":"open","template":"","meta":[],"product_brand":[],"product_cat":[15],"product_tag":[],"class_list":{"0":"post-10432","1":"product","2":"type-product","3":"status-publish","5":"product_cat-uncategorized","7":"first","8":"onbackorder","9":"sale","10":"purchasable","11":"product-type-simple"},"_links":{"self":[{"href":"https:\/\/aramiso-test.verteco.app\/index.php?rest_route=\/wp\/v2\/product\/10432","targetHints":{"allow":["GET"]}}],"collection":[{"href":"https:\/\/aramiso-test.verteco.app\/index.php?rest_route=\/wp\/v2\/product"}],"about":[{"href":"https:\/\/aramiso-test.verteco.app\/index.php?rest_route=\/wp\/v2\/types\/product"}],"replies":[{"embeddable":true,"href":"https:\/\/aramiso-test.verteco.app\/index.php?rest_route=%2Fwp%2Fv2%2Fcomments&post=10432"}],"wp:attachment":[{"href":"https:\/\/aramiso-test.verteco.app\/index.php?rest_route=%2Fwp%2Fv2%2Fmedia&parent=10432"}],"wp:term":[{"taxonomy":"product_brand","embeddable":true,"href":"https:\/\/aramiso-test.verteco.app\/index.php?rest_route=%2Fwp%2Fv2%2Fproduct_brand&post=10432"},{"taxonomy":"product_cat","embeddable":true,"href":"https:\/\/aramiso-test.verteco.app\/index.php?rest_route=%2Fwp%2Fv2%2Fproduct_cat&post=10432"},{"taxonomy":"product_tag","embeddable":true,"href":"https:\/\/aramiso-test.verteco.app\/index.php?rest_route=%2Fwp%2Fv2%2Fproduct_tag&post=10432"}],"curies":[{"name":"wp","href":"https:\/\/api.w.org\/{rel}","templated":true}]}}