{"id":10427,"date":"2025-08-03T12:16:59","date_gmt":"2025-08-03T12:16:59","guid":{"rendered":"https:\/\/aramiso-test.verteco.app\/?product=key-pohon-pre-dvojkridlovu-branu-sada-s-fotobunkami"},"modified":"2025-08-03T12:17:10","modified_gmt":"2025-08-03T12:17:10","slug":"key-pohon-pre-dvojkridlovu-branu-sada-s-fotobunkami","status":"publish","type":"product","link":"https:\/\/aramiso-test.verteco.app\/?product=key-pohon-pre-dvojkridlovu-branu-sada-s-fotobunkami","title":{"rendered":"KEY pohon pre dvojkr\u00eddlov\u00fa br\u00e1nu, sada s fotobunkami"},"content":{"rendered":"","protected":false},"excerpt":{"rendered":"<p>Zna\u010dka: Key, Max. d\u013a\u017eka kr\u00eddla: 3m, Hmotnos\u0165 kr\u00eddla (odpor\u00fa\u010dan\u00e1): 100kg, Frekvencia (MHz): 433, Koncov\u00fd doraz: Potrebn\u00e9 dorazy pre otvoren\u00fa aj zatvoren\u00fa polohu, Typ k\u00f3du: Rolling, Obsah zostavy: STAR3024DX-1x, STAR3024SX-1x, CT20224-1x, SUB-44R-2x, FT32-1p\u00e1r, Spomalenie motora: Spoma\u013euje pred koncov\u00fdmi polohami, Nap\u00e1janie motora: DC 24V, V\u00fdkon: 85W, Sila: 1400N, R\u00fdchlos\u0165: 20 cm\/s, Nap\u00e1janie: AC 230V, Typ: \u0161nekov\u00e9, Riadiaca jednotka: CT20324, Stupe\u0148 ochrany: IP54<\/p>\n","protected":false},"featured_media":0,"comment_status":"closed","ping_status":"open","template":"","meta":[],"product_brand":[],"product_cat":[15],"product_tag":[],"class_list":{"0":"post-10427","1":"product","2":"type-product","3":"status-publish","5":"product_cat-uncategorized","7":"first","8":"onbackorder","9":"sale","10":"purchasable","11":"product-type-simple"},"_links":{"self":[{"href":"https:\/\/aramiso-test.verteco.app\/index.php?rest_route=\/wp\/v2\/product\/10427","targetHints":{"allow":["GET"]}}],"collection":[{"href":"https:\/\/aramiso-test.verteco.app\/index.php?rest_route=\/wp\/v2\/product"}],"about":[{"href":"https:\/\/aramiso-test.verteco.app\/index.php?rest_route=\/wp\/v2\/types\/product"}],"replies":[{"embeddable":true,"href":"https:\/\/aramiso-test.verteco.app\/index.php?rest_route=%2Fwp%2Fv2%2Fcomments&post=10427"}],"wp:attachment":[{"href":"https:\/\/aramiso-test.verteco.app\/index.php?rest_route=%2Fwp%2Fv2%2Fmedia&parent=10427"}],"wp:term":[{"taxonomy":"product_brand","embeddable":true,"href":"https:\/\/aramiso-test.verteco.app\/index.php?rest_route=%2Fwp%2Fv2%2Fproduct_brand&post=10427"},{"taxonomy":"product_cat","embeddable":true,"href":"https:\/\/aramiso-test.verteco.app\/index.php?rest_route=%2Fwp%2Fv2%2Fproduct_cat&post=10427"},{"taxonomy":"product_tag","embeddable":true,"href":"https:\/\/aramiso-test.verteco.app\/index.php?rest_route=%2Fwp%2Fv2%2Fproduct_tag&post=10427"}],"curies":[{"name":"wp","href":"https:\/\/api.w.org\/{rel}","templated":true}]}}