{"id":10419,"date":"2025-10-26T12:26:12","date_gmt":"2025-10-26T12:26:12","guid":{"rendered":"https:\/\/aramiso-test.verteco.app\/?product=came-podzemny-pohon-pre-jednokridlovu-branu-sada-s-fotobunkami"},"modified":"2025-10-26T12:26:16","modified_gmt":"2025-10-26T12:26:16","slug":"came-podzemny-pohon-pre-jednokridlovu-branu-sada-s-fotobunkami","status":"publish","type":"product","link":"https:\/\/aramiso-test.verteco.app\/?product=came-podzemny-pohon-pre-jednokridlovu-branu-sada-s-fotobunkami","title":{"rendered":"Came podzemn\u00fd pohon pre jednokr\u00eddlov\u00fa br\u00e1nu, sada s fotobunkami"},"content":{"rendered":"","protected":false},"excerpt":{"rendered":"<p>Zna\u010dka: Came, Max. d\u013a\u017eka kr\u00eddla: 3,5m, Hmotnos\u0165 kr\u00eddla (odpor\u00fa\u010dan\u00e1): 200kg, Frekvencia (MHz): 433, Koncov\u00fd doraz: Koncov\u00e9 dorazy nie s\u00fa potrebn\u00e9, Typ k\u00f3du: Multi (fix\/rolling), Obsah zostavy: FROGA-1x, ZA3N-1x, AF43S-1x, TOP432EE-1x, DIR10-1p\u00e1r, Spomalenie motora: Spoma\u013euje pred koncov\u00fdmi polohami, Nap\u00e1janie motora: AC 230V, V\u00fdkon: 460W, Sila: 320Nm, R\u00fdchlos\u0165: 90\u00b0 &#8211; 18s, Nap\u00e1janie: AC 230V, Typ: podzemn\u00e9, Riadiaca jednotka: ZA3P, Stupe\u0148 ochrany: IP67, Kondenz\u00e1tor: 16uF<\/p>\n","protected":false},"featured_media":0,"comment_status":"closed","ping_status":"open","template":"","meta":[],"product_brand":[],"product_cat":[15],"product_tag":[],"class_list":{"0":"post-10419","1":"product","2":"type-product","3":"status-publish","5":"product_cat-uncategorized","7":"first","8":"onbackorder","9":"sale","10":"purchasable","11":"product-type-simple"},"_links":{"self":[{"href":"https:\/\/aramiso-test.verteco.app\/index.php?rest_route=\/wp\/v2\/product\/10419","targetHints":{"allow":["GET"]}}],"collection":[{"href":"https:\/\/aramiso-test.verteco.app\/index.php?rest_route=\/wp\/v2\/product"}],"about":[{"href":"https:\/\/aramiso-test.verteco.app\/index.php?rest_route=\/wp\/v2\/types\/product"}],"replies":[{"embeddable":true,"href":"https:\/\/aramiso-test.verteco.app\/index.php?rest_route=%2Fwp%2Fv2%2Fcomments&post=10419"}],"wp:attachment":[{"href":"https:\/\/aramiso-test.verteco.app\/index.php?rest_route=%2Fwp%2Fv2%2Fmedia&parent=10419"}],"wp:term":[{"taxonomy":"product_brand","embeddable":true,"href":"https:\/\/aramiso-test.verteco.app\/index.php?rest_route=%2Fwp%2Fv2%2Fproduct_brand&post=10419"},{"taxonomy":"product_cat","embeddable":true,"href":"https:\/\/aramiso-test.verteco.app\/index.php?rest_route=%2Fwp%2Fv2%2Fproduct_cat&post=10419"},{"taxonomy":"product_tag","embeddable":true,"href":"https:\/\/aramiso-test.verteco.app\/index.php?rest_route=%2Fwp%2Fv2%2Fproduct_tag&post=10419"}],"curies":[{"name":"wp","href":"https:\/\/api.w.org\/{rel}","templated":true}]}}