{"id":10406,"date":"2025-08-03T12:16:34","date_gmt":"2025-08-03T12:16:34","guid":{"rendered":"https:\/\/aramiso-test.verteco.app\/?product=motor-nice-toona-do-3m-2"},"modified":"2025-08-03T12:16:46","modified_gmt":"2025-08-03T12:16:46","slug":"motor-nice-toona-do-3m-2","status":"publish","type":"product","link":"https:\/\/aramiso-test.verteco.app\/?product=motor-nice-toona-do-3m-2","title":{"rendered":"Motor NICE &#8211; TOONA do 3m"},"content":{"rendered":"","protected":false},"excerpt":{"rendered":"<p>Zna\u010dka: Nice, Max. d\u013a\u017eka kr\u00eddla: 3m, Hmotnos\u0165 kr\u00eddla (odpor\u00fa\u010dan\u00e1): 150kg, Koncov\u00fd doraz: Koncov\u00e9 dorazy nie s\u00fa potrebn\u00e9, Nap\u00e1janie motora: AC 230V, V\u00fdkon: 340W, Sila: 1800N, R\u00fdchlos\u0165: 0,016 m\/s, Typ: podzemn\u00e9, Riadiaca jednotka: MCA5, Stupe\u0148 ochrany: IP44, Kondenz\u00e1tor: 7uF<\/p>\n","protected":false},"featured_media":0,"comment_status":"closed","ping_status":"open","template":"","meta":[],"product_brand":[],"product_cat":[15],"product_tag":[],"class_list":{"0":"post-10406","1":"product","2":"type-product","3":"status-publish","5":"product_cat-uncategorized","7":"first","8":"instock","9":"sale","10":"purchasable","11":"product-type-simple"},"_links":{"self":[{"href":"https:\/\/aramiso-test.verteco.app\/index.php?rest_route=\/wp\/v2\/product\/10406","targetHints":{"allow":["GET"]}}],"collection":[{"href":"https:\/\/aramiso-test.verteco.app\/index.php?rest_route=\/wp\/v2\/product"}],"about":[{"href":"https:\/\/aramiso-test.verteco.app\/index.php?rest_route=\/wp\/v2\/types\/product"}],"replies":[{"embeddable":true,"href":"https:\/\/aramiso-test.verteco.app\/index.php?rest_route=%2Fwp%2Fv2%2Fcomments&post=10406"}],"wp:attachment":[{"href":"https:\/\/aramiso-test.verteco.app\/index.php?rest_route=%2Fwp%2Fv2%2Fmedia&parent=10406"}],"wp:term":[{"taxonomy":"product_brand","embeddable":true,"href":"https:\/\/aramiso-test.verteco.app\/index.php?rest_route=%2Fwp%2Fv2%2Fproduct_brand&post=10406"},{"taxonomy":"product_cat","embeddable":true,"href":"https:\/\/aramiso-test.verteco.app\/index.php?rest_route=%2Fwp%2Fv2%2Fproduct_cat&post=10406"},{"taxonomy":"product_tag","embeddable":true,"href":"https:\/\/aramiso-test.verteco.app\/index.php?rest_route=%2Fwp%2Fv2%2Fproduct_tag&post=10406"}],"curies":[{"name":"wp","href":"https:\/\/api.w.org\/{rel}","templated":true}]}}