{"id":10400,"date":"2025-10-26T12:26:02","date_gmt":"2025-10-26T12:26:02","guid":{"rendered":"https:\/\/aramiso-test.verteco.app\/?product=motor-nice-toona-do-5m"},"modified":"2025-10-26T12:26:08","modified_gmt":"2025-10-26T12:26:08","slug":"motor-nice-toona-do-5m","status":"publish","type":"product","link":"https:\/\/aramiso-test.verteco.app\/?product=motor-nice-toona-do-5m","title":{"rendered":"Motor NICE &#8211; TOONA do 5m"},"content":{"rendered":"","protected":false},"excerpt":{"rendered":"<p>Zna\u010dka: Nice, Max. d\u013a\u017eka kr\u00eddla: 5m, Hmotnos\u0165 kr\u00eddla (odpor\u00fa\u010dan\u00e1): 125kg, Koncov\u00fd doraz: Potrebn\u00fd doraz pre zatvoren\u00fa polohu, Nap\u00e1janie motora: AC 230V, V\u00fdkon: 120W, Sila: 180Nm, R\u00fdchlos\u0165: 0,016 m\/s, Riadiaca jednotka: MCA1R10, Stupe\u0148 ochrany: IP44, Enk\u00f3der: \u00c1no<\/p>\n","protected":false},"featured_media":0,"comment_status":"closed","ping_status":"open","template":"","meta":[],"product_brand":[],"product_cat":[15],"product_tag":[],"class_list":{"0":"post-10400","1":"product","2":"type-product","3":"status-publish","5":"product_cat-uncategorized","7":"first","8":"onbackorder","9":"sale","10":"purchasable","11":"product-type-simple"},"_links":{"self":[{"href":"https:\/\/aramiso-test.verteco.app\/index.php?rest_route=\/wp\/v2\/product\/10400","targetHints":{"allow":["GET"]}}],"collection":[{"href":"https:\/\/aramiso-test.verteco.app\/index.php?rest_route=\/wp\/v2\/product"}],"about":[{"href":"https:\/\/aramiso-test.verteco.app\/index.php?rest_route=\/wp\/v2\/types\/product"}],"replies":[{"embeddable":true,"href":"https:\/\/aramiso-test.verteco.app\/index.php?rest_route=%2Fwp%2Fv2%2Fcomments&post=10400"}],"wp:attachment":[{"href":"https:\/\/aramiso-test.verteco.app\/index.php?rest_route=%2Fwp%2Fv2%2Fmedia&parent=10400"}],"wp:term":[{"taxonomy":"product_brand","embeddable":true,"href":"https:\/\/aramiso-test.verteco.app\/index.php?rest_route=%2Fwp%2Fv2%2Fproduct_brand&post=10400"},{"taxonomy":"product_cat","embeddable":true,"href":"https:\/\/aramiso-test.verteco.app\/index.php?rest_route=%2Fwp%2Fv2%2Fproduct_cat&post=10400"},{"taxonomy":"product_tag","embeddable":true,"href":"https:\/\/aramiso-test.verteco.app\/index.php?rest_route=%2Fwp%2Fv2%2Fproduct_tag&post=10400"}],"curies":[{"name":"wp","href":"https:\/\/api.w.org\/{rel}","templated":true}]}}