{"id":10391,"date":"2025-08-03T12:16:02","date_gmt":"2025-08-03T12:16:02","guid":{"rendered":"https:\/\/aramiso-test.verteco.app\/?product=aut-motor-bez-elektron-pre-kridlo-do-23m-200kg"},"modified":"2025-08-03T12:16:29","modified_gmt":"2025-08-03T12:16:29","slug":"aut-motor-bez-elektron-pre-kridlo-do-23m-200kg","status":"publish","type":"product","link":"https:\/\/aramiso-test.verteco.app\/?product=aut-motor-bez-elektron-pre-kridlo-do-23m-200kg","title":{"rendered":"Aut. motor bez elektron. pre kr\u00eddlo do 2,3m\/200kg"},"content":{"rendered":"","protected":false},"excerpt":{"rendered":"<p>Zna\u010dka: Came, Hmotnos\u0165 br\u00e1ny Gmax\/Goptimal (kg): 400\/200, Hmotnos\u0165 kr\u00eddla (odpor\u00fa\u010dan\u00e1): 200kg<\/p>\n","protected":false},"featured_media":0,"comment_status":"closed","ping_status":"open","template":"","meta":[],"product_brand":[],"product_cat":[15],"product_tag":[],"class_list":{"0":"post-10391","1":"product","2":"type-product","3":"status-publish","5":"product_cat-uncategorized","7":"first","8":"instock","9":"sale","10":"purchasable","11":"product-type-simple"},"_links":{"self":[{"href":"https:\/\/aramiso-test.verteco.app\/index.php?rest_route=\/wp\/v2\/product\/10391","targetHints":{"allow":["GET"]}}],"collection":[{"href":"https:\/\/aramiso-test.verteco.app\/index.php?rest_route=\/wp\/v2\/product"}],"about":[{"href":"https:\/\/aramiso-test.verteco.app\/index.php?rest_route=\/wp\/v2\/types\/product"}],"replies":[{"embeddable":true,"href":"https:\/\/aramiso-test.verteco.app\/index.php?rest_route=%2Fwp%2Fv2%2Fcomments&post=10391"}],"wp:attachment":[{"href":"https:\/\/aramiso-test.verteco.app\/index.php?rest_route=%2Fwp%2Fv2%2Fmedia&parent=10391"}],"wp:term":[{"taxonomy":"product_brand","embeddable":true,"href":"https:\/\/aramiso-test.verteco.app\/index.php?rest_route=%2Fwp%2Fv2%2Fproduct_brand&post=10391"},{"taxonomy":"product_cat","embeddable":true,"href":"https:\/\/aramiso-test.verteco.app\/index.php?rest_route=%2Fwp%2Fv2%2Fproduct_cat&post=10391"},{"taxonomy":"product_tag","embeddable":true,"href":"https:\/\/aramiso-test.verteco.app\/index.php?rest_route=%2Fwp%2Fv2%2Fproduct_tag&post=10391"}],"curies":[{"name":"wp","href":"https:\/\/api.w.org\/{rel}","templated":true}]}}