{"id":10385,"date":"2025-10-26T12:24:59","date_gmt":"2025-10-26T12:24:59","guid":{"rendered":"https:\/\/aramiso-test.verteco.app\/?product=rollkit-pohon-pre-kridlovu-branu-sada"},"modified":"2025-10-26T12:25:05","modified_gmt":"2025-10-26T12:25:05","slug":"rollkit-pohon-pre-kridlovu-branu-sada","status":"publish","type":"product","link":"https:\/\/aramiso-test.verteco.app\/?product=rollkit-pohon-pre-kridlovu-branu-sada","title":{"rendered":"ROLLKIT pohon pre kr\u00eddlov\u00fa br\u00e1nu, sada"},"content":{"rendered":"<p>Pohon ROLLKIT pre dvojkr\u00eddlov\u00e9 br\u00e1ny s mo\u017enos\u0165ou ovl\u00e1dania mobiln\u00fdm zariaden\u00edm, Pohon obsahuje elektroniku CUW-24S s roz\u0161\u00edren\u00fdmi funkciami a SMARTBOX1-WIFI pre spojenie elektroniky pohonu s dom\u00e1cou wifi sie\u0165ou. Set obsahuje IPcam a Wifi zvon\u010dek.<\/p>\n","protected":false},"excerpt":{"rendered":"<p>Zna\u010dka: Rollkit, Hmotnos\u0165 kr\u00eddla (odpor\u00fa\u010dan\u00e1): 100kg, Pou\u017eitie: Priv\u00e1t, Koncov\u00fd doraz: Potrebn\u00e9 dorazy pre otvoren\u00fa aj zatvoren\u00fa polohu, Frekvencia (MHz): 433, Typ k\u00f3du: Rolling, Obsah zostavy: TURN-2020-SMART-1x, CAM1-IPHD-1x, DOORBELL1-WIFI-1x, FT-15-1x, Spomalenie motora: Spoma\u013euje pred koncov\u00fdmi polohami<\/p>\n","protected":false},"featured_media":0,"comment_status":"closed","ping_status":"open","template":"","meta":[],"product_brand":[],"product_cat":[15],"product_tag":[],"class_list":{"0":"post-10385","1":"product","2":"type-product","3":"status-publish","5":"product_cat-uncategorized","7":"first","8":"instock","9":"sale","10":"purchasable","11":"product-type-simple"},"_links":{"self":[{"href":"https:\/\/aramiso-test.verteco.app\/index.php?rest_route=\/wp\/v2\/product\/10385","targetHints":{"allow":["GET"]}}],"collection":[{"href":"https:\/\/aramiso-test.verteco.app\/index.php?rest_route=\/wp\/v2\/product"}],"about":[{"href":"https:\/\/aramiso-test.verteco.app\/index.php?rest_route=\/wp\/v2\/types\/product"}],"replies":[{"embeddable":true,"href":"https:\/\/aramiso-test.verteco.app\/index.php?rest_route=%2Fwp%2Fv2%2Fcomments&post=10385"}],"wp:attachment":[{"href":"https:\/\/aramiso-test.verteco.app\/index.php?rest_route=%2Fwp%2Fv2%2Fmedia&parent=10385"}],"wp:term":[{"taxonomy":"product_brand","embeddable":true,"href":"https:\/\/aramiso-test.verteco.app\/index.php?rest_route=%2Fwp%2Fv2%2Fproduct_brand&post=10385"},{"taxonomy":"product_cat","embeddable":true,"href":"https:\/\/aramiso-test.verteco.app\/index.php?rest_route=%2Fwp%2Fv2%2Fproduct_cat&post=10385"},{"taxonomy":"product_tag","embeddable":true,"href":"https:\/\/aramiso-test.verteco.app\/index.php?rest_route=%2Fwp%2Fv2%2Fproduct_tag&post=10385"}],"curies":[{"name":"wp","href":"https:\/\/api.w.org\/{rel}","templated":true}]}}