{"id":10383,"date":"2025-08-03T12:16:02","date_gmt":"2025-08-03T12:16:02","guid":{"rendered":"https:\/\/aramiso-test.verteco.app\/?product=aut-motor-key-pre-kridlo-do-3m"},"modified":"2025-08-03T12:16:14","modified_gmt":"2025-08-03T12:16:14","slug":"aut-motor-key-pre-kridlo-do-3m","status":"publish","type":"product","link":"https:\/\/aramiso-test.verteco.app\/?product=aut-motor-key-pre-kridlo-do-3m","title":{"rendered":"Aut. motor KEY pre kridlo do 3m"},"content":{"rendered":"","protected":false},"excerpt":{"rendered":"<p>Zna\u010dka: Key, Max. d\u013a\u017eka kr\u00eddla: 3m, Hmotnos\u0165 kr\u00eddla (odpor\u00fa\u010dan\u00e1): 100kg, Nap\u00e1janie motora: DC 24V, V\u00fdkon: 85W, Sila: 1500N, R\u00fdchlos\u0165: 90\u00b0 18-25s, Typ: \u0161nekov\u00e9, Riadiaca jednotka: CT20324, Stupe\u0148 ochrany: IP44<\/p>\n","protected":false},"featured_media":0,"comment_status":"closed","ping_status":"open","template":"","meta":[],"product_brand":[],"product_cat":[15],"product_tag":[],"class_list":{"0":"post-10383","1":"product","2":"type-product","3":"status-publish","5":"product_cat-uncategorized","7":"first","8":"onbackorder","9":"sale","10":"purchasable","11":"product-type-simple"},"_links":{"self":[{"href":"https:\/\/aramiso-test.verteco.app\/index.php?rest_route=\/wp\/v2\/product\/10383","targetHints":{"allow":["GET"]}}],"collection":[{"href":"https:\/\/aramiso-test.verteco.app\/index.php?rest_route=\/wp\/v2\/product"}],"about":[{"href":"https:\/\/aramiso-test.verteco.app\/index.php?rest_route=\/wp\/v2\/types\/product"}],"replies":[{"embeddable":true,"href":"https:\/\/aramiso-test.verteco.app\/index.php?rest_route=%2Fwp%2Fv2%2Fcomments&post=10383"}],"wp:attachment":[{"href":"https:\/\/aramiso-test.verteco.app\/index.php?rest_route=%2Fwp%2Fv2%2Fmedia&parent=10383"}],"wp:term":[{"taxonomy":"product_brand","embeddable":true,"href":"https:\/\/aramiso-test.verteco.app\/index.php?rest_route=%2Fwp%2Fv2%2Fproduct_brand&post=10383"},{"taxonomy":"product_cat","embeddable":true,"href":"https:\/\/aramiso-test.verteco.app\/index.php?rest_route=%2Fwp%2Fv2%2Fproduct_cat&post=10383"},{"taxonomy":"product_tag","embeddable":true,"href":"https:\/\/aramiso-test.verteco.app\/index.php?rest_route=%2Fwp%2Fv2%2Fproduct_tag&post=10383"}],"curies":[{"name":"wp","href":"https:\/\/api.w.org\/{rel}","templated":true}]}}