{"id":10372,"date":"2025-08-03T12:14:55","date_gmt":"2025-08-03T12:14:55","guid":{"rendered":"https:\/\/aramiso-test.verteco.app\/?product=aut-motor-s-elektronikou-pre-kridlo-max-23m-200"},"modified":"2025-08-03T12:15:14","modified_gmt":"2025-08-03T12:15:14","slug":"aut-motor-s-elektronikou-pre-kridlo-max-23m-200","status":"publish","type":"product","link":"https:\/\/aramiso-test.verteco.app\/?product=aut-motor-s-elektronikou-pre-kridlo-max-23m-200","title":{"rendered":"Aut. motor s elektronikou pre kr\u00eddlo max. 2,3m\/200"},"content":{"rendered":"","protected":false},"excerpt":{"rendered":"<p>Zna\u010dka: Came, Hmotnos\u0165 br\u00e1ny Gmax\/Goptimal (kg): 400\/200, Hmotnos\u0165 kr\u00eddla (odpor\u00fa\u010dan\u00e1): 200kg<\/p>\n","protected":false},"featured_media":0,"comment_status":"closed","ping_status":"open","template":"","meta":[],"product_brand":[],"product_cat":[15],"product_tag":[],"class_list":{"0":"post-10372","1":"product","2":"type-product","3":"status-publish","5":"product_cat-uncategorized","7":"first","8":"onbackorder","9":"sale","10":"purchasable","11":"product-type-simple"},"_links":{"self":[{"href":"https:\/\/aramiso-test.verteco.app\/index.php?rest_route=\/wp\/v2\/product\/10372","targetHints":{"allow":["GET"]}}],"collection":[{"href":"https:\/\/aramiso-test.verteco.app\/index.php?rest_route=\/wp\/v2\/product"}],"about":[{"href":"https:\/\/aramiso-test.verteco.app\/index.php?rest_route=\/wp\/v2\/types\/product"}],"replies":[{"embeddable":true,"href":"https:\/\/aramiso-test.verteco.app\/index.php?rest_route=%2Fwp%2Fv2%2Fcomments&post=10372"}],"wp:attachment":[{"href":"https:\/\/aramiso-test.verteco.app\/index.php?rest_route=%2Fwp%2Fv2%2Fmedia&parent=10372"}],"wp:term":[{"taxonomy":"product_brand","embeddable":true,"href":"https:\/\/aramiso-test.verteco.app\/index.php?rest_route=%2Fwp%2Fv2%2Fproduct_brand&post=10372"},{"taxonomy":"product_cat","embeddable":true,"href":"https:\/\/aramiso-test.verteco.app\/index.php?rest_route=%2Fwp%2Fv2%2Fproduct_cat&post=10372"},{"taxonomy":"product_tag","embeddable":true,"href":"https:\/\/aramiso-test.verteco.app\/index.php?rest_route=%2Fwp%2Fv2%2Fproduct_tag&post=10372"}],"curies":[{"name":"wp","href":"https:\/\/api.w.org\/{rel}","templated":true}]}}