{"id":10370,"date":"2025-10-26T12:24:59","date_gmt":"2025-10-26T12:24:59","guid":{"rendered":"https:\/\/aramiso-test.verteco.app\/?product=skrinka-s-elektron-pre-dvojkr-branu-24-v-dc"},"modified":"2025-10-26T12:25:00","modified_gmt":"2025-10-26T12:25:00","slug":"skrinka-s-elektron-pre-dvojkr-branu-24-v-dc","status":"publish","type":"product","link":"https:\/\/aramiso-test.verteco.app\/?product=skrinka-s-elektron-pre-dvojkr-branu-24-v-dc","title":{"rendered":"Skrinka s elektron.pre dvojkr.br\u00e1nu, 24 V DC"},"content":{"rendered":"<p>Skrinka s elektronikou CAME pre dvojkr\u00eddlov\u00fa br\u00e1nu. Nap\u00e1janie 230V.  Elektronika m\u00e1 roz\u0161\u00edren\u00e9 funkcie.<br \/>\nRozdiel oproti ZA-3N &#8211; elektronika m\u00e1 funkciu spomalenie v koncov\u00fdch poloh\u00e1ch.<\/p>\n","protected":false},"excerpt":{"rendered":"<p>Zna\u010dka: Came, Spomalenie motora: Spoma\u013euje pred koncov\u00fdmi polohami<\/p>\n","protected":false},"featured_media":0,"comment_status":"closed","ping_status":"open","template":"","meta":[],"product_brand":[],"product_cat":[15],"product_tag":[],"class_list":{"0":"post-10370","1":"product","2":"type-product","3":"status-publish","5":"product_cat-uncategorized","7":"first","8":"onbackorder","9":"sale","10":"purchasable","11":"product-type-simple"},"_links":{"self":[{"href":"https:\/\/aramiso-test.verteco.app\/index.php?rest_route=\/wp\/v2\/product\/10370","targetHints":{"allow":["GET"]}}],"collection":[{"href":"https:\/\/aramiso-test.verteco.app\/index.php?rest_route=\/wp\/v2\/product"}],"about":[{"href":"https:\/\/aramiso-test.verteco.app\/index.php?rest_route=\/wp\/v2\/types\/product"}],"replies":[{"embeddable":true,"href":"https:\/\/aramiso-test.verteco.app\/index.php?rest_route=%2Fwp%2Fv2%2Fcomments&post=10370"}],"wp:attachment":[{"href":"https:\/\/aramiso-test.verteco.app\/index.php?rest_route=%2Fwp%2Fv2%2Fmedia&parent=10370"}],"wp:term":[{"taxonomy":"product_brand","embeddable":true,"href":"https:\/\/aramiso-test.verteco.app\/index.php?rest_route=%2Fwp%2Fv2%2Fproduct_brand&post=10370"},{"taxonomy":"product_cat","embeddable":true,"href":"https:\/\/aramiso-test.verteco.app\/index.php?rest_route=%2Fwp%2Fv2%2Fproduct_cat&post=10370"},{"taxonomy":"product_tag","embeddable":true,"href":"https:\/\/aramiso-test.verteco.app\/index.php?rest_route=%2Fwp%2Fv2%2Fproduct_tag&post=10370"}],"curies":[{"name":"wp","href":"https:\/\/api.w.org\/{rel}","templated":true}]}}