{"id":10369,"date":"2025-10-26T12:24:59","date_gmt":"2025-10-26T12:24:59","guid":{"rendered":"https:\/\/aramiso-test.verteco.app\/?product=came-pohon-pre-kridlove-brany-24-v-dc-2"},"modified":"2025-10-26T12:24:59","modified_gmt":"2025-10-26T12:24:59","slug":"came-pohon-pre-kridlove-brany-24-v-dc-2","status":"publish","type":"product","link":"https:\/\/aramiso-test.verteco.app\/?product=came-pohon-pre-kridlove-brany-24-v-dc-2","title":{"rendered":"CAME pohon pre kr\u00eddlov\u00e9 br\u00e1ny, 24 V DC"},"content":{"rendered":"<p>Mo\u017enos\u0165 kotvi\u0165 pohon na \u0161irok\u00fd st\u013apik, vzdialenos\u0165 osi p\u00e1ntu kr\u00eddla br\u00e1ny po hranu stlpika m\u00f4\u017ee by\u0165 a\u017e 200mm.<\/p>\n","protected":false},"excerpt":{"rendered":"<p>Zna\u010dka: Came, Max. d\u013a\u017eka kr\u00eddla: 5m, Hmotnos\u0165 kr\u00eddla (odpor\u00fa\u010dan\u00e1): 200kg, Koncov\u00fd doraz: Koncov\u00e9 dorazy nie s\u00fa potrebn\u00e9, Nap\u00e1janie motora: DC 24V, V\u00fdkon: 80W, Sila: 400-3000N, R\u00fdchlos\u0165: 90\u00b0 &#8211; 15-30s, Typ: \u0161nekov\u00e9, Enk\u00f3der: \u00c1no<\/p>\n","protected":false},"featured_media":0,"comment_status":"closed","ping_status":"open","template":"","meta":[],"product_brand":[],"product_cat":[15],"product_tag":[],"class_list":{"0":"post-10369","1":"product","2":"type-product","3":"status-publish","5":"product_cat-uncategorized","7":"first","8":"onbackorder","9":"sale","10":"purchasable","11":"product-type-simple"},"_links":{"self":[{"href":"https:\/\/aramiso-test.verteco.app\/index.php?rest_route=\/wp\/v2\/product\/10369","targetHints":{"allow":["GET"]}}],"collection":[{"href":"https:\/\/aramiso-test.verteco.app\/index.php?rest_route=\/wp\/v2\/product"}],"about":[{"href":"https:\/\/aramiso-test.verteco.app\/index.php?rest_route=\/wp\/v2\/types\/product"}],"replies":[{"embeddable":true,"href":"https:\/\/aramiso-test.verteco.app\/index.php?rest_route=%2Fwp%2Fv2%2Fcomments&post=10369"}],"wp:attachment":[{"href":"https:\/\/aramiso-test.verteco.app\/index.php?rest_route=%2Fwp%2Fv2%2Fmedia&parent=10369"}],"wp:term":[{"taxonomy":"product_brand","embeddable":true,"href":"https:\/\/aramiso-test.verteco.app\/index.php?rest_route=%2Fwp%2Fv2%2Fproduct_brand&post=10369"},{"taxonomy":"product_cat","embeddable":true,"href":"https:\/\/aramiso-test.verteco.app\/index.php?rest_route=%2Fwp%2Fv2%2Fproduct_cat&post=10369"},{"taxonomy":"product_tag","embeddable":true,"href":"https:\/\/aramiso-test.verteco.app\/index.php?rest_route=%2Fwp%2Fv2%2Fproduct_tag&post=10369"}],"curies":[{"name":"wp","href":"https:\/\/api.w.org\/{rel}","templated":true}]}}