{"id":10363,"date":"2025-10-26T12:24:52","date_gmt":"2025-10-26T12:24:52","guid":{"rendered":"https:\/\/aramiso-test.verteco.app\/?product=aut-motor-pre-kridlo-pravy-s-konc-spinacmi-do-3m"},"modified":"2025-10-26T12:24:58","modified_gmt":"2025-10-26T12:24:58","slug":"aut-motor-pre-kridlo-pravy-s-konc-spinacmi-do-3m","status":"publish","type":"product","link":"https:\/\/aramiso-test.verteco.app\/?product=aut-motor-pre-kridlo-pravy-s-konc-spinacmi-do-3m","title":{"rendered":"Aut.motor pre kridlo &#8211; prav\u00fd s konc.sp\u00edna\u010dmi do 3m"},"content":{"rendered":"","protected":false},"excerpt":{"rendered":"<p>Zna\u010dka: Came, Max. d\u013a\u017eka kr\u00eddla: 3m, Hmotnos\u0165 kr\u00eddla (odpor\u00fa\u010dan\u00e1): 200kg, Koncov\u00fd doraz: Koncov\u00e9 dorazy nie s\u00fa potrebn\u00e9, Nap\u00e1janie motora: AC 230V, V\u00fdkon: 130W, Sila: 400-3000N, R\u00fdchlos\u0165: 90\u00b0 &#8211; 22s, Stupe\u0148 ochrany: IP54, Kondenz\u00e1tor: 10uF<\/p>\n","protected":false},"featured_media":0,"comment_status":"closed","ping_status":"open","template":"","meta":[],"product_brand":[],"product_cat":[15],"product_tag":[],"class_list":{"0":"post-10363","1":"product","2":"type-product","3":"status-publish","5":"product_cat-uncategorized","7":"first","8":"instock","9":"sale","10":"purchasable","11":"product-type-simple"},"_links":{"self":[{"href":"https:\/\/aramiso-test.verteco.app\/index.php?rest_route=\/wp\/v2\/product\/10363","targetHints":{"allow":["GET"]}}],"collection":[{"href":"https:\/\/aramiso-test.verteco.app\/index.php?rest_route=\/wp\/v2\/product"}],"about":[{"href":"https:\/\/aramiso-test.verteco.app\/index.php?rest_route=\/wp\/v2\/types\/product"}],"replies":[{"embeddable":true,"href":"https:\/\/aramiso-test.verteco.app\/index.php?rest_route=%2Fwp%2Fv2%2Fcomments&post=10363"}],"wp:attachment":[{"href":"https:\/\/aramiso-test.verteco.app\/index.php?rest_route=%2Fwp%2Fv2%2Fmedia&parent=10363"}],"wp:term":[{"taxonomy":"product_brand","embeddable":true,"href":"https:\/\/aramiso-test.verteco.app\/index.php?rest_route=%2Fwp%2Fv2%2Fproduct_brand&post=10363"},{"taxonomy":"product_cat","embeddable":true,"href":"https:\/\/aramiso-test.verteco.app\/index.php?rest_route=%2Fwp%2Fv2%2Fproduct_cat&post=10363"},{"taxonomy":"product_tag","embeddable":true,"href":"https:\/\/aramiso-test.verteco.app\/index.php?rest_route=%2Fwp%2Fv2%2Fproduct_tag&post=10363"}],"curies":[{"name":"wp","href":"https:\/\/api.w.org\/{rel}","templated":true}]}}