{"id":10359,"date":"2025-10-26T12:24:52","date_gmt":"2025-10-26T12:24:52","guid":{"rendered":"https:\/\/aramiso-test.verteco.app\/?product=nice-podzemny-pohon-pre-dvojkridlovu-branu-sada-s-fotobunkami"},"modified":"2025-10-26T12:24:54","modified_gmt":"2025-10-26T12:24:54","slug":"nice-podzemny-pohon-pre-dvojkridlovu-branu-sada-s-fotobunkami","status":"publish","type":"product","link":"https:\/\/aramiso-test.verteco.app\/?product=nice-podzemny-pohon-pre-dvojkridlovu-branu-sada-s-fotobunkami","title":{"rendered":"Nice podzemn\u00fd pohon pre dvojkr\u00eddlov\u00fa br\u00e1nu, sada s fotobunkami"},"content":{"rendered":"<p>Dva typy: pohon ME3024 s 24 V motorom pre intenz\u00edvnu pr\u00e1cu.<\/p>\n<p>\u017diadne zv\u00e1ranie krytov umo\u017e\u0148uj\u00face zv\u00fd\u0161en\u00fa odolnos\u0165 a pevnos\u0165: nov\u00e9 jednodielne extrudovan\u00e9 boxy, vyroben\u00e9 z nehrdzavej\u00facej ocele (MECX), ide\u00e1lne na pou\u017eitie v extr\u00e9mnych podmienkach a v novej (katafor\u00e9znej) \u00faprave (MECF), ve\u013emi odoln\u00e9 vo\u010di kor\u00f3zii, oboje maj\u00fa mechanick\u00fa zar\u00e1\u017eku otv\u00e1rania.<\/p>\n<p>Spo\u013eahliv\u00e9 a robustn\u00e9: motory s\u00fa vyroben\u00e9 z odoln\u00fdch vn\u00fatorn\u00fdch komponentov vyroben\u00fdch z ocele a zliatin bronzu. Nov\u00e9 telo &#8211; tlakovo liaty hlin\u00edk, hermetick\u00e9 IP67.<\/p>\n<p>Maxim\u00e1lna sloboda v\u00fdberu: odomykanie zvn\u00fatra aj zvonka, dva modely: odomykanie k\u013e\u00fa\u010dom alebo p\u00e1kou, vo\u013ene pripojite\u013en\u00e9 a \u013eahko aktivovate\u013en\u00e9 jednou rukou.<\/p>\n<p>Jednoduch\u00e9 pou\u017eitie: \u0161tandardn\u00fd uhol otvorenia max. 110\u00b0, volite\u013ene aj 180\u00b0 pri pou\u017eit\u00ed MEA1.<\/p>\n","protected":false},"excerpt":{"rendered":"<p>Zna\u010dka: Nice, Max. d\u013a\u017eka kr\u00eddla: 3m, Hmotnos\u0165 kr\u00eddla (odpor\u00fa\u010dan\u00e1): 225kg, Frekvencia (MHz): 433, Koncov\u00fd doraz: Koncov\u00e9 dorazy nie s\u00fa potrebn\u00e9, Typ k\u00f3du: Rolling, Spomalenie motora: Spoma\u013euje pred koncov\u00fdmi polohami, Nap\u00e1janie motora: DC 24V, V\u00fdkon: 120W, Sila: 250Nm, Nap\u00e1janie: AC 230V, Typ: podzemn\u00e9, Riadiaca jednotka: MCA1R10, Stupe\u0148 ochrany: IP67, Enk\u00f3der: \u00c1no<\/p>\n","protected":false},"featured_media":0,"comment_status":"closed","ping_status":"open","template":"","meta":[],"product_brand":[],"product_cat":[15],"product_tag":[],"class_list":{"0":"post-10359","1":"product","2":"type-product","3":"status-publish","5":"product_cat-uncategorized","7":"first","8":"onbackorder","9":"sale","10":"purchasable","11":"product-type-simple"},"_links":{"self":[{"href":"https:\/\/aramiso-test.verteco.app\/index.php?rest_route=\/wp\/v2\/product\/10359","targetHints":{"allow":["GET"]}}],"collection":[{"href":"https:\/\/aramiso-test.verteco.app\/index.php?rest_route=\/wp\/v2\/product"}],"about":[{"href":"https:\/\/aramiso-test.verteco.app\/index.php?rest_route=\/wp\/v2\/types\/product"}],"replies":[{"embeddable":true,"href":"https:\/\/aramiso-test.verteco.app\/index.php?rest_route=%2Fwp%2Fv2%2Fcomments&post=10359"}],"wp:attachment":[{"href":"https:\/\/aramiso-test.verteco.app\/index.php?rest_route=%2Fwp%2Fv2%2Fmedia&parent=10359"}],"wp:term":[{"taxonomy":"product_brand","embeddable":true,"href":"https:\/\/aramiso-test.verteco.app\/index.php?rest_route=%2Fwp%2Fv2%2Fproduct_brand&post=10359"},{"taxonomy":"product_cat","embeddable":true,"href":"https:\/\/aramiso-test.verteco.app\/index.php?rest_route=%2Fwp%2Fv2%2Fproduct_cat&post=10359"},{"taxonomy":"product_tag","embeddable":true,"href":"https:\/\/aramiso-test.verteco.app\/index.php?rest_route=%2Fwp%2Fv2%2Fproduct_tag&post=10359"}],"curies":[{"name":"wp","href":"https:\/\/api.w.org\/{rel}","templated":true}]}}