{"id":10354,"date":"2025-10-26T12:24:52","date_gmt":"2025-10-26T12:24:52","guid":{"rendered":"https:\/\/aramiso-test.verteco.app\/?product=sada-podzemnych-pohonov-pre-dvojkridlovu-branu"},"modified":"2025-10-26T12:24:55","modified_gmt":"2025-10-26T12:24:55","slug":"sada-podzemnych-pohonov-pre-dvojkridlovu-branu","status":"publish","type":"product","link":"https:\/\/aramiso-test.verteco.app\/?product=sada-podzemnych-pohonov-pre-dvojkridlovu-branu","title":{"rendered":"Sada podzemn\u00fdch pohonov pre dvojkr\u00eddlov\u00fa br\u00e1nu"},"content":{"rendered":"","protected":false},"excerpt":{"rendered":"<p>Zna\u010dka: Nice, Max. d\u013a\u017eka kr\u00eddla: 2,3m, Hmotnos\u0165 kr\u00eddla (odpor\u00fa\u010dan\u00e1): 125kg, Frekvencia (MHz): 433, Koncov\u00fd doraz: Koncov\u00e9 dorazy nie s\u00fa potrebn\u00e9, Typ k\u00f3du: Rolling, Spomalenie motora: Spoma\u013euje pred koncov\u00fdmi polohami, Nap\u00e1janie motora: DC 24V, V\u00fdkon: 120W, Sila: 250Nm, Nap\u00e1janie: AC 230V, Typ: podzemn\u00e9, Riadiaca jednotka: MCA2R10, Stupe\u0148 ochrany: IP67<\/p>\n","protected":false},"featured_media":0,"comment_status":"closed","ping_status":"open","template":"","meta":[],"product_brand":[],"product_cat":[15],"product_tag":[],"class_list":{"0":"post-10354","1":"product","2":"type-product","3":"status-publish","5":"product_cat-uncategorized","7":"first","8":"instock","9":"sale","10":"purchasable","11":"product-type-simple"},"_links":{"self":[{"href":"https:\/\/aramiso-test.verteco.app\/index.php?rest_route=\/wp\/v2\/product\/10354","targetHints":{"allow":["GET"]}}],"collection":[{"href":"https:\/\/aramiso-test.verteco.app\/index.php?rest_route=\/wp\/v2\/product"}],"about":[{"href":"https:\/\/aramiso-test.verteco.app\/index.php?rest_route=\/wp\/v2\/types\/product"}],"replies":[{"embeddable":true,"href":"https:\/\/aramiso-test.verteco.app\/index.php?rest_route=%2Fwp%2Fv2%2Fcomments&post=10354"}],"wp:attachment":[{"href":"https:\/\/aramiso-test.verteco.app\/index.php?rest_route=%2Fwp%2Fv2%2Fmedia&parent=10354"}],"wp:term":[{"taxonomy":"product_brand","embeddable":true,"href":"https:\/\/aramiso-test.verteco.app\/index.php?rest_route=%2Fwp%2Fv2%2Fproduct_brand&post=10354"},{"taxonomy":"product_cat","embeddable":true,"href":"https:\/\/aramiso-test.verteco.app\/index.php?rest_route=%2Fwp%2Fv2%2Fproduct_cat&post=10354"},{"taxonomy":"product_tag","embeddable":true,"href":"https:\/\/aramiso-test.verteco.app\/index.php?rest_route=%2Fwp%2Fv2%2Fproduct_tag&post=10354"}],"curies":[{"name":"wp","href":"https:\/\/api.w.org\/{rel}","templated":true}]}}