{"id":10352,"date":"2025-10-26T12:24:52","date_gmt":"2025-10-26T12:24:52","guid":{"rendered":"https:\/\/aramiso-test.verteco.app\/?product=nice-pohon-pre-jednokridlovu-branu-sada-s-fotobunkami-3"},"modified":"2025-10-26T12:24:53","modified_gmt":"2025-10-26T12:24:53","slug":"nice-pohon-pre-jednokridlovu-branu-sada-s-fotobunkami-3","status":"publish","type":"product","link":"https:\/\/aramiso-test.verteco.app\/?product=nice-pohon-pre-jednokridlovu-branu-sada-s-fotobunkami-3","title":{"rendered":"Nice pohon pre jednokr\u00eddlov\u00fa br\u00e1nu, sada s fotobunkami"},"content":{"rendered":"","protected":false},"excerpt":{"rendered":"<p>Zna\u010dka: Nice, Max. d\u013a\u017eka kr\u00eddla: 3m, Hmotnos\u0165 kr\u00eddla (odpor\u00fa\u010dan\u00e1): 150kg, Frekvencia (MHz): 433, Koncov\u00fd doraz: Potrebn\u00fd doraz pre zatvoren\u00fa polohu, Typ k\u00f3du: Rolling, Obsah zostavy: TO4024-1x, MC824H-1x, SMXI-1x, FLO2RE-1x MOFB-1p\u00e1r, PLA13-1x, Spomalenie motora: Spoma\u013euje pred koncov\u00fdmi polohami, Nap\u00e1janie motora: DC 24V, V\u00fdkon: 120W, Sila: 1800N, R\u00fdchlos\u0165: 0,016 m\/s, Nap\u00e1janie: AC 230V, Typ: \u0161nekov\u00e9, Riadiaca jednotka: MCA1R10, Stupe\u0148 ochrany: IP44, Enk\u00f3der: \u00c1no<\/p>\n","protected":false},"featured_media":0,"comment_status":"closed","ping_status":"open","template":"","meta":[],"product_brand":[],"product_cat":[15],"product_tag":[],"class_list":{"0":"post-10352","1":"product","2":"type-product","3":"status-publish","5":"product_cat-uncategorized","7":"first","8":"onbackorder","9":"sale","10":"purchasable","11":"product-type-simple"},"_links":{"self":[{"href":"https:\/\/aramiso-test.verteco.app\/index.php?rest_route=\/wp\/v2\/product\/10352","targetHints":{"allow":["GET"]}}],"collection":[{"href":"https:\/\/aramiso-test.verteco.app\/index.php?rest_route=\/wp\/v2\/product"}],"about":[{"href":"https:\/\/aramiso-test.verteco.app\/index.php?rest_route=\/wp\/v2\/types\/product"}],"replies":[{"embeddable":true,"href":"https:\/\/aramiso-test.verteco.app\/index.php?rest_route=%2Fwp%2Fv2%2Fcomments&post=10352"}],"wp:attachment":[{"href":"https:\/\/aramiso-test.verteco.app\/index.php?rest_route=%2Fwp%2Fv2%2Fmedia&parent=10352"}],"wp:term":[{"taxonomy":"product_brand","embeddable":true,"href":"https:\/\/aramiso-test.verteco.app\/index.php?rest_route=%2Fwp%2Fv2%2Fproduct_brand&post=10352"},{"taxonomy":"product_cat","embeddable":true,"href":"https:\/\/aramiso-test.verteco.app\/index.php?rest_route=%2Fwp%2Fv2%2Fproduct_cat&post=10352"},{"taxonomy":"product_tag","embeddable":true,"href":"https:\/\/aramiso-test.verteco.app\/index.php?rest_route=%2Fwp%2Fv2%2Fproduct_tag&post=10352"}],"curies":[{"name":"wp","href":"https:\/\/api.w.org\/{rel}","templated":true}]}}