{"id":10339,"date":"2025-08-03T12:14:41","date_gmt":"2025-08-03T12:14:41","guid":{"rendered":"https:\/\/aramiso-test.verteco.app\/?product=distancna-podlozka-k-hrebenu-2"},"modified":"2025-08-03T12:14:43","modified_gmt":"2025-08-03T12:14:43","slug":"distancna-podlozka-k-hrebenu-2","status":"publish","type":"product","link":"https:\/\/aramiso-test.verteco.app\/?product=distancna-podlozka-k-hrebenu-2","title":{"rendered":"Di\u0161tan\u010dn\u00e1 podlo\u017eka k hrebe\u0148u"},"content":{"rendered":"<p>Di\u0161tan\u010dn\u00e1 podlo\u017eka k hrebe\u0148u. Hr\u00fabka podlo\u017eky 5mm. Balenie obsahuje 6ks.<\/p>\n","protected":false},"excerpt":{"rendered":"<p>Materi\u00e1l: Plast<\/p>\n","protected":false},"featured_media":0,"comment_status":"closed","ping_status":"open","template":"","meta":[],"product_brand":[],"product_cat":[15],"product_tag":[],"class_list":{"0":"post-10339","1":"product","2":"type-product","3":"status-publish","5":"product_cat-uncategorized","7":"first","8":"onbackorder","9":"sale","10":"purchasable","11":"product-type-simple"},"_links":{"self":[{"href":"https:\/\/aramiso-test.verteco.app\/index.php?rest_route=\/wp\/v2\/product\/10339","targetHints":{"allow":["GET"]}}],"collection":[{"href":"https:\/\/aramiso-test.verteco.app\/index.php?rest_route=\/wp\/v2\/product"}],"about":[{"href":"https:\/\/aramiso-test.verteco.app\/index.php?rest_route=\/wp\/v2\/types\/product"}],"replies":[{"embeddable":true,"href":"https:\/\/aramiso-test.verteco.app\/index.php?rest_route=%2Fwp%2Fv2%2Fcomments&post=10339"}],"wp:attachment":[{"href":"https:\/\/aramiso-test.verteco.app\/index.php?rest_route=%2Fwp%2Fv2%2Fmedia&parent=10339"}],"wp:term":[{"taxonomy":"product_brand","embeddable":true,"href":"https:\/\/aramiso-test.verteco.app\/index.php?rest_route=%2Fwp%2Fv2%2Fproduct_brand&post=10339"},{"taxonomy":"product_cat","embeddable":true,"href":"https:\/\/aramiso-test.verteco.app\/index.php?rest_route=%2Fwp%2Fv2%2Fproduct_cat&post=10339"},{"taxonomy":"product_tag","embeddable":true,"href":"https:\/\/aramiso-test.verteco.app\/index.php?rest_route=%2Fwp%2Fv2%2Fproduct_tag&post=10339"}],"curies":[{"name":"wp","href":"https:\/\/api.w.org\/{rel}","templated":true}]}}