{"id":10332,"date":"2025-10-26T12:24:46","date_gmt":"2025-10-26T12:24:46","guid":{"rendered":"https:\/\/aramiso-test.verteco.app\/?product=hreben-odlahceny-pvc-16x20mm-l05m-max-300kg"},"modified":"2025-10-26T12:24:49","modified_gmt":"2025-10-26T12:24:49","slug":"hreben-odlahceny-pvc-16x20mm-l05m-max-300kg","status":"publish","type":"product","link":"https:\/\/aramiso-test.verteco.app\/?product=hreben-odlahceny-pvc-16x20mm-l05m-max-300kg","title":{"rendered":"Hrebe\u0148 od\u013eah\u010den\u00fd PVC, 16x20mm, L0,5m, max 300kg"},"content":{"rendered":"<p>Ozuben\u00fd nylonov\u00fd hrebe\u0148 pre posuvn\u00e9 br\u00e1ny, od\u013eah\u010den\u00fd, rozmer 16x20mm, d\u013a\u017eka 0,5m, modul 4, max 300kg, vhodn\u00e9 na mont\u00e1\u017e do konzoly H\/01PVC-AL-K. Dod\u00e1van\u00fd bez skrutiek a podlo\u017eiek.<\/p>\n","protected":false},"excerpt":{"rendered":"<p>Materi\u00e1l: Nylon, Povrchov\u00e1 \u00faprava: Natural, Zna\u010dka: Umakov, Hmotnos\u0165 br\u00e1ny Gmax\/Goptimal (kg): 300, Modul oz. hrebe\u0148a: mod 4<\/p>\n","protected":false},"featured_media":0,"comment_status":"closed","ping_status":"open","template":"","meta":[],"product_brand":[],"product_cat":[15],"product_tag":[],"class_list":{"0":"post-10332","1":"product","2":"type-product","3":"status-publish","5":"product_cat-uncategorized","7":"first","8":"onbackorder","9":"sale","10":"purchasable","11":"product-type-simple"},"_links":{"self":[{"href":"https:\/\/aramiso-test.verteco.app\/index.php?rest_route=\/wp\/v2\/product\/10332","targetHints":{"allow":["GET"]}}],"collection":[{"href":"https:\/\/aramiso-test.verteco.app\/index.php?rest_route=\/wp\/v2\/product"}],"about":[{"href":"https:\/\/aramiso-test.verteco.app\/index.php?rest_route=\/wp\/v2\/types\/product"}],"replies":[{"embeddable":true,"href":"https:\/\/aramiso-test.verteco.app\/index.php?rest_route=%2Fwp%2Fv2%2Fcomments&post=10332"}],"wp:attachment":[{"href":"https:\/\/aramiso-test.verteco.app\/index.php?rest_route=%2Fwp%2Fv2%2Fmedia&parent=10332"}],"wp:term":[{"taxonomy":"product_brand","embeddable":true,"href":"https:\/\/aramiso-test.verteco.app\/index.php?rest_route=%2Fwp%2Fv2%2Fproduct_brand&post=10332"},{"taxonomy":"product_cat","embeddable":true,"href":"https:\/\/aramiso-test.verteco.app\/index.php?rest_route=%2Fwp%2Fv2%2Fproduct_cat&post=10332"},{"taxonomy":"product_tag","embeddable":true,"href":"https:\/\/aramiso-test.verteco.app\/index.php?rest_route=%2Fwp%2Fv2%2Fproduct_tag&post=10332"}],"curies":[{"name":"wp","href":"https:\/\/api.w.org\/{rel}","templated":true}]}}