{"id":10327,"date":"2025-10-26T12:24:46","date_gmt":"2025-10-26T12:24:46","guid":{"rendered":"https:\/\/aramiso-test.verteco.app\/?product=hreben-plastovy-pvcfe27x20mml1mmax-700kg"},"modified":"2025-10-26T12:24:48","modified_gmt":"2025-10-26T12:24:48","slug":"hreben-plastovy-pvcfe27x20mml1mmax-700kg","status":"publish","type":"product","link":"https:\/\/aramiso-test.verteco.app\/?product=hreben-plastovy-pvcfe27x20mml1mmax-700kg","title":{"rendered":"Hrebe\u0148 plastov\u00fd PVC+Fe,27x20mm,L1m,max 700kg"},"content":{"rendered":"","protected":false},"excerpt":{"rendered":"<p>Materi\u00e1l: Oce\u013e\/Nylon, Povrchov\u00e1 \u00faprava: Poplastovan\u00fd, Zna\u010dka: Umakov, Hmotnos\u0165 br\u00e1ny Gmax\/Goptimal (kg): 700, Modul oz. hrebe\u0148a: mod 4<\/p>\n","protected":false},"featured_media":0,"comment_status":"closed","ping_status":"open","template":"","meta":[],"product_brand":[],"product_cat":[15],"product_tag":[],"class_list":{"0":"post-10327","1":"product","2":"type-product","3":"status-publish","5":"product_cat-uncategorized","7":"first","8":"onbackorder","9":"sale","10":"purchasable","11":"product-type-simple"},"_links":{"self":[{"href":"https:\/\/aramiso-test.verteco.app\/index.php?rest_route=\/wp\/v2\/product\/10327","targetHints":{"allow":["GET"]}}],"collection":[{"href":"https:\/\/aramiso-test.verteco.app\/index.php?rest_route=\/wp\/v2\/product"}],"about":[{"href":"https:\/\/aramiso-test.verteco.app\/index.php?rest_route=\/wp\/v2\/types\/product"}],"replies":[{"embeddable":true,"href":"https:\/\/aramiso-test.verteco.app\/index.php?rest_route=%2Fwp%2Fv2%2Fcomments&post=10327"}],"wp:attachment":[{"href":"https:\/\/aramiso-test.verteco.app\/index.php?rest_route=%2Fwp%2Fv2%2Fmedia&parent=10327"}],"wp:term":[{"taxonomy":"product_brand","embeddable":true,"href":"https:\/\/aramiso-test.verteco.app\/index.php?rest_route=%2Fwp%2Fv2%2Fproduct_brand&post=10327"},{"taxonomy":"product_cat","embeddable":true,"href":"https:\/\/aramiso-test.verteco.app\/index.php?rest_route=%2Fwp%2Fv2%2Fproduct_cat&post=10327"},{"taxonomy":"product_tag","embeddable":true,"href":"https:\/\/aramiso-test.verteco.app\/index.php?rest_route=%2Fwp%2Fv2%2Fproduct_tag&post=10327"}],"curies":[{"name":"wp","href":"https:\/\/api.w.org\/{rel}","templated":true}]}}