{"id":10326,"date":"2025-10-26T12:24:37","date_gmt":"2025-10-26T12:24:37","guid":{"rendered":"https:\/\/aramiso-test.verteco.app\/?product=hreben-nylonovy-s-fe-jadrom-odlahceny-max-300kg"},"modified":"2025-10-26T12:24:46","modified_gmt":"2025-10-26T12:24:46","slug":"hreben-nylonovy-s-fe-jadrom-odlahceny-max-300kg","status":"publish","type":"product","link":"https:\/\/aramiso-test.verteco.app\/?product=hreben-nylonovy-s-fe-jadrom-odlahceny-max-300kg","title":{"rendered":"Hrebe\u0148 nylonov\u00fd s Fe jadrom, od\u013eah\u010den\u00fd, max 300kg"},"content":{"rendered":"<p>Ozuben\u00fd nylonov\u00fd hrebe\u0148 s oce\u013eov\u00fdm jadrom pre posuvn\u00e9 br\u00e1ny, od\u013eah\u010den\u00fd, so \u0161tyrmi \u00fachytmi smerom nadol. Dod\u00e1van\u00fd bez skrutiek a podlo\u017eiek.<\/p>\n","protected":false},"excerpt":{"rendered":"<p>Materi\u00e1l: Oce\u013e\/Nylon, Povrchov\u00e1 \u00faprava: Poplastovan\u00fd, Hmotnos\u0165 br\u00e1ny Gmax\/Goptimal (kg): 300, Modul oz. hrebe\u0148a: mod 4<\/p>\n","protected":false},"featured_media":0,"comment_status":"closed","ping_status":"open","template":"","meta":[],"product_brand":[],"product_cat":[15],"product_tag":[],"class_list":{"0":"post-10326","1":"product","2":"type-product","3":"status-publish","5":"product_cat-uncategorized","7":"first","8":"onbackorder","9":"sale","10":"purchasable","11":"product-type-simple"},"_links":{"self":[{"href":"https:\/\/aramiso-test.verteco.app\/index.php?rest_route=\/wp\/v2\/product\/10326","targetHints":{"allow":["GET"]}}],"collection":[{"href":"https:\/\/aramiso-test.verteco.app\/index.php?rest_route=\/wp\/v2\/product"}],"about":[{"href":"https:\/\/aramiso-test.verteco.app\/index.php?rest_route=\/wp\/v2\/types\/product"}],"replies":[{"embeddable":true,"href":"https:\/\/aramiso-test.verteco.app\/index.php?rest_route=%2Fwp%2Fv2%2Fcomments&post=10326"}],"wp:attachment":[{"href":"https:\/\/aramiso-test.verteco.app\/index.php?rest_route=%2Fwp%2Fv2%2Fmedia&parent=10326"}],"wp:term":[{"taxonomy":"product_brand","embeddable":true,"href":"https:\/\/aramiso-test.verteco.app\/index.php?rest_route=%2Fwp%2Fv2%2Fproduct_brand&post=10326"},{"taxonomy":"product_cat","embeddable":true,"href":"https:\/\/aramiso-test.verteco.app\/index.php?rest_route=%2Fwp%2Fv2%2Fproduct_cat&post=10326"},{"taxonomy":"product_tag","embeddable":true,"href":"https:\/\/aramiso-test.verteco.app\/index.php?rest_route=%2Fwp%2Fv2%2Fproduct_tag&post=10326"}],"curies":[{"name":"wp","href":"https:\/\/api.w.org\/{rel}","templated":true}]}}