{"id":10320,"date":"2025-08-03T12:14:30","date_gmt":"2025-08-03T12:14:30","guid":{"rendered":"https:\/\/aramiso-test.verteco.app\/?product=aut-motor-s-elektronikou-max-3500kg-400v-mod-6"},"modified":"2025-08-03T12:14:33","modified_gmt":"2025-08-03T12:14:33","slug":"aut-motor-s-elektronikou-max-3500kg-400v-mod-6","status":"publish","type":"product","link":"https:\/\/aramiso-test.verteco.app\/?product=aut-motor-s-elektronikou-max-3500kg-400v-mod-6","title":{"rendered":"Aut. motor s elektronikou max.3500kg, 400V, mod.6"},"content":{"rendered":"","protected":false},"excerpt":{"rendered":"<p>Zna\u010dka: Came, Hmotnos\u0165 kr\u00eddla (odpor\u00fa\u010dan\u00e1): 1750kg, Modul oz. hrebe\u0148a: mod 6, Nap\u00e1janie motora: AC 230\/400 V, V\u00fdkon: 1000W, Sila: 3500N, R\u00fdchlos\u0165: 10,5 m\/min, Nap\u00e1janie: AC 230\/400 V, Riadiaca jednotka: ZT6N, Master\/Slave: \u00c1no, Stupe\u0148 ochrany: IP54<\/p>\n","protected":false},"featured_media":0,"comment_status":"closed","ping_status":"open","template":"","meta":[],"product_brand":[],"product_cat":[15],"product_tag":[],"class_list":{"0":"post-10320","1":"product","2":"type-product","3":"status-publish","5":"product_cat-uncategorized","7":"first","8":"onbackorder","9":"sale","10":"purchasable","11":"product-type-simple"},"_links":{"self":[{"href":"https:\/\/aramiso-test.verteco.app\/index.php?rest_route=\/wp\/v2\/product\/10320","targetHints":{"allow":["GET"]}}],"collection":[{"href":"https:\/\/aramiso-test.verteco.app\/index.php?rest_route=\/wp\/v2\/product"}],"about":[{"href":"https:\/\/aramiso-test.verteco.app\/index.php?rest_route=\/wp\/v2\/types\/product"}],"replies":[{"embeddable":true,"href":"https:\/\/aramiso-test.verteco.app\/index.php?rest_route=%2Fwp%2Fv2%2Fcomments&post=10320"}],"wp:attachment":[{"href":"https:\/\/aramiso-test.verteco.app\/index.php?rest_route=%2Fwp%2Fv2%2Fmedia&parent=10320"}],"wp:term":[{"taxonomy":"product_brand","embeddable":true,"href":"https:\/\/aramiso-test.verteco.app\/index.php?rest_route=%2Fwp%2Fv2%2Fproduct_brand&post=10320"},{"taxonomy":"product_cat","embeddable":true,"href":"https:\/\/aramiso-test.verteco.app\/index.php?rest_route=%2Fwp%2Fv2%2Fproduct_cat&post=10320"},{"taxonomy":"product_tag","embeddable":true,"href":"https:\/\/aramiso-test.verteco.app\/index.php?rest_route=%2Fwp%2Fv2%2Fproduct_tag&post=10320"}],"curies":[{"name":"wp","href":"https:\/\/api.w.org\/{rel}","templated":true}]}}