{"id":10318,"date":"2025-10-26T12:24:37","date_gmt":"2025-10-26T12:24:37","guid":{"rendered":"https:\/\/aramiso-test.verteco.app\/?product=aut-motor-bez-elektroniky-2200kg-400v-mod-6"},"modified":"2025-10-26T12:24:39","modified_gmt":"2025-10-26T12:24:39","slug":"aut-motor-bez-elektroniky-2200kg-400v-mod-6","status":"publish","type":"product","link":"https:\/\/aramiso-test.verteco.app\/?product=aut-motor-bez-elektroniky-2200kg-400v-mod-6","title":{"rendered":"Aut. motor bez elektroniky 2200kg &#8211; 400V, mod.6"},"content":{"rendered":"","protected":false},"excerpt":{"rendered":"<p>Zna\u010dka: Came, Max. d\u013a\u017eka kr\u00eddla: 10m, Modul oz. hrebe\u0148a: mod 6, Hmotnos\u0165 kr\u00eddla (odpor\u00fa\u010dan\u00e1): 1200kg, Obsah zostavy: BKS-2200T-1x, Spomalenie motora: Motor nem\u00e1 funkciu spomalenia, Nap\u00e1janie motora: AC 400V, V\u00fdkon: 520W, Sila: 1650N, R\u00fdchlos\u0165: 10,5 m\/min, Nap\u00e1janie: AC 400V, Riadiaca jednotka: ZT6N, Master\/Slave: \u00c1no, Stupe\u0148 ochrany: IP44<\/p>\n","protected":false},"featured_media":0,"comment_status":"closed","ping_status":"open","template":"","meta":[],"product_brand":[],"product_cat":[15],"product_tag":[],"class_list":{"0":"post-10318","1":"product","2":"type-product","3":"status-publish","5":"product_cat-uncategorized","7":"first","8":"onbackorder","9":"sale","10":"purchasable","11":"product-type-simple"},"_links":{"self":[{"href":"https:\/\/aramiso-test.verteco.app\/index.php?rest_route=\/wp\/v2\/product\/10318","targetHints":{"allow":["GET"]}}],"collection":[{"href":"https:\/\/aramiso-test.verteco.app\/index.php?rest_route=\/wp\/v2\/product"}],"about":[{"href":"https:\/\/aramiso-test.verteco.app\/index.php?rest_route=\/wp\/v2\/types\/product"}],"replies":[{"embeddable":true,"href":"https:\/\/aramiso-test.verteco.app\/index.php?rest_route=%2Fwp%2Fv2%2Fcomments&post=10318"}],"wp:attachment":[{"href":"https:\/\/aramiso-test.verteco.app\/index.php?rest_route=%2Fwp%2Fv2%2Fmedia&parent=10318"}],"wp:term":[{"taxonomy":"product_brand","embeddable":true,"href":"https:\/\/aramiso-test.verteco.app\/index.php?rest_route=%2Fwp%2Fv2%2Fproduct_brand&post=10318"},{"taxonomy":"product_cat","embeddable":true,"href":"https:\/\/aramiso-test.verteco.app\/index.php?rest_route=%2Fwp%2Fv2%2Fproduct_cat&post=10318"},{"taxonomy":"product_tag","embeddable":true,"href":"https:\/\/aramiso-test.verteco.app\/index.php?rest_route=%2Fwp%2Fv2%2Fproduct_tag&post=10318"}],"curies":[{"name":"wp","href":"https:\/\/api.w.org\/{rel}","templated":true}]}}