{"id":10317,"date":"2025-10-26T12:24:37","date_gmt":"2025-10-26T12:24:37","guid":{"rendered":"https:\/\/aramiso-test.verteco.app\/?product=aut-motor-s-elektronikou-2500kg"},"modified":"2025-10-26T12:24:43","modified_gmt":"2025-10-26T12:24:43","slug":"aut-motor-s-elektronikou-2500kg","status":"publish","type":"product","link":"https:\/\/aramiso-test.verteco.app\/?product=aut-motor-s-elektronikou-2500kg","title":{"rendered":"Aut. motor s elektronikou 2500kg"},"content":{"rendered":"<p><iframe width=\"560\" height=\"315\" src=\"https:\/\/player.vimeo.com\/video\/329768232\" frameborder=\"0\" allowfullscreen><\/iframe><\/p>\n","protected":false},"excerpt":{"rendered":"<p>Zna\u010dka: Came, Max. d\u013a\u017eka kr\u00eddla: 20m, Modul oz. hrebe\u0148a: mod 6, Koncov\u00fd doraz: Magneticky koncov\u00fd doraz, Pou\u017eitie: Priemysel, Spomalenie motora: Spoma\u013euje pred koncov\u00fdmi polohami, Nap\u00e1janie motora: DC 36V, V\u00fdkon: 300W, Sila: 1500N, R\u00fdchlos\u0165: 12 m\/min, Nap\u00e1janie: AC 230V, Riadiaca jednotka: ZN8, Master\/Slave: \u00c1no, Stupe\u0148 ochrany: IP54<\/p>\n","protected":false},"featured_media":0,"comment_status":"closed","ping_status":"open","template":"","meta":[],"product_brand":[],"product_cat":[15],"product_tag":[],"class_list":{"0":"post-10317","1":"product","2":"type-product","3":"status-publish","5":"product_cat-uncategorized","7":"first","8":"instock","9":"sale","10":"purchasable","11":"product-type-simple"},"_links":{"self":[{"href":"https:\/\/aramiso-test.verteco.app\/index.php?rest_route=\/wp\/v2\/product\/10317","targetHints":{"allow":["GET"]}}],"collection":[{"href":"https:\/\/aramiso-test.verteco.app\/index.php?rest_route=\/wp\/v2\/product"}],"about":[{"href":"https:\/\/aramiso-test.verteco.app\/index.php?rest_route=\/wp\/v2\/types\/product"}],"replies":[{"embeddable":true,"href":"https:\/\/aramiso-test.verteco.app\/index.php?rest_route=%2Fwp%2Fv2%2Fcomments&post=10317"}],"wp:attachment":[{"href":"https:\/\/aramiso-test.verteco.app\/index.php?rest_route=%2Fwp%2Fv2%2Fmedia&parent=10317"}],"wp:term":[{"taxonomy":"product_brand","embeddable":true,"href":"https:\/\/aramiso-test.verteco.app\/index.php?rest_route=%2Fwp%2Fv2%2Fproduct_brand&post=10317"},{"taxonomy":"product_cat","embeddable":true,"href":"https:\/\/aramiso-test.verteco.app\/index.php?rest_route=%2Fwp%2Fv2%2Fproduct_cat&post=10317"},{"taxonomy":"product_tag","embeddable":true,"href":"https:\/\/aramiso-test.verteco.app\/index.php?rest_route=%2Fwp%2Fv2%2Fproduct_tag&post=10317"}],"curies":[{"name":"wp","href":"https:\/\/api.w.org\/{rel}","templated":true}]}}