{"id":10310,"date":"2025-08-03T12:14:15","date_gmt":"2025-08-03T12:14:15","guid":{"rendered":"https:\/\/aramiso-test.verteco.app\/?product=nice-pohon-pre-posuv-brany-max-600kg"},"modified":"2025-08-03T12:14:25","modified_gmt":"2025-08-03T12:14:25","slug":"nice-pohon-pre-posuv-brany-max-600kg","status":"publish","type":"product","link":"https:\/\/aramiso-test.verteco.app\/?product=nice-pohon-pre-posuv-brany-max-600kg","title":{"rendered":"NICE pohon pre posuv. br\u00e1ny, max 600kg"},"content":{"rendered":"<p><b>Upozornenie: Pohon nie je kompatibiln\u00fd s ovl\u00e1da\u010dmi FLOR.<\/b><\/p>\n","protected":false},"excerpt":{"rendered":"<p>Max. d\u013a\u017eka kr\u00eddla: 8m, Modul oz. hrebe\u0148a: mod 4, Hmotnos\u0165 kr\u00eddla (odpor\u00fa\u010dan\u00e1): 300kg, Frekvencia (MHz): 433, Typ k\u00f3du: Rolling, Spomalenie motora: Spoma\u013euje pred koncov\u00fdmi polohami, Nap\u00e1janie motora: AC 230V, V\u00fdkon: 300W, Sila: 600N, R\u00fdchlos\u0165: 11 m\/min, Nap\u00e1janie: AC 230V, Riadiaca jednotka: ROA41, Kondenz\u00e1tor: 12uF, Stupe\u0148 ochrany: IP44<\/p>\n","protected":false},"featured_media":0,"comment_status":"closed","ping_status":"open","template":"","meta":[],"product_brand":[],"product_cat":[15],"product_tag":[],"class_list":{"0":"post-10310","1":"product","2":"type-product","3":"status-publish","5":"product_cat-uncategorized","7":"first","8":"onbackorder","9":"sale","10":"purchasable","11":"product-type-simple"},"_links":{"self":[{"href":"https:\/\/aramiso-test.verteco.app\/index.php?rest_route=\/wp\/v2\/product\/10310","targetHints":{"allow":["GET"]}}],"collection":[{"href":"https:\/\/aramiso-test.verteco.app\/index.php?rest_route=\/wp\/v2\/product"}],"about":[{"href":"https:\/\/aramiso-test.verteco.app\/index.php?rest_route=\/wp\/v2\/types\/product"}],"replies":[{"embeddable":true,"href":"https:\/\/aramiso-test.verteco.app\/index.php?rest_route=%2Fwp%2Fv2%2Fcomments&post=10310"}],"wp:attachment":[{"href":"https:\/\/aramiso-test.verteco.app\/index.php?rest_route=%2Fwp%2Fv2%2Fmedia&parent=10310"}],"wp:term":[{"taxonomy":"product_brand","embeddable":true,"href":"https:\/\/aramiso-test.verteco.app\/index.php?rest_route=%2Fwp%2Fv2%2Fproduct_brand&post=10310"},{"taxonomy":"product_cat","embeddable":true,"href":"https:\/\/aramiso-test.verteco.app\/index.php?rest_route=%2Fwp%2Fv2%2Fproduct_cat&post=10310"},{"taxonomy":"product_tag","embeddable":true,"href":"https:\/\/aramiso-test.verteco.app\/index.php?rest_route=%2Fwp%2Fv2%2Fproduct_tag&post=10310"}],"curies":[{"name":"wp","href":"https:\/\/api.w.org\/{rel}","templated":true}]}}