{"id":10304,"date":"2025-10-26T12:24:33","date_gmt":"2025-10-26T12:24:33","guid":{"rendered":"https:\/\/aramiso-test.verteco.app\/?product=kompl-system-nice-pre-posuv-brany-max-400kg"},"modified":"2025-10-26T12:24:36","modified_gmt":"2025-10-26T12:24:36","slug":"kompl-system-nice-pre-posuv-brany-max-400kg","status":"publish","type":"product","link":"https:\/\/aramiso-test.verteco.app\/?product=kompl-system-nice-pre-posuv-brany-max-400kg","title":{"rendered":"Kompl. syst\u00e9m NICE pre posuv. br\u00e1ny, max 400kg"},"content":{"rendered":"","protected":false},"excerpt":{"rendered":"<p>Zna\u010dka: Nice, Max. d\u013a\u017eka kr\u00eddla: 8m, Modul oz. hrebe\u0148a: mod 4, Hmotnos\u0165 kr\u00eddla (odpor\u00fa\u010dan\u00e1): 200kg, Pou\u017eitie: Priv\u00e1t, Frekvencia (MHz): 433, Typ k\u00f3du: Rolling, Obsah zostavy: RD400-1x, RBA4R10-1x, FLO2RE-2x, Spomalenie motora: Spoma\u013euje pred koncov\u00fdmi polohami, Nap\u00e1janie motora: DC 24V, V\u00fdkon: 210W, Sila: 400N, R\u00fdchlos\u0165: 0,25 m\/s, Nap\u00e1janie: AC 230V, Riadiaca jednotka: RBA4R10, Stupe\u0148 ochrany: IP44<\/p>\n","protected":false},"featured_media":0,"comment_status":"closed","ping_status":"open","template":"","meta":[],"product_brand":[],"product_cat":[15],"product_tag":[],"class_list":{"0":"post-10304","1":"product","2":"type-product","3":"status-publish","5":"product_cat-uncategorized","7":"first","8":"onbackorder","9":"sale","10":"purchasable","11":"product-type-simple"},"_links":{"self":[{"href":"https:\/\/aramiso-test.verteco.app\/index.php?rest_route=\/wp\/v2\/product\/10304","targetHints":{"allow":["GET"]}}],"collection":[{"href":"https:\/\/aramiso-test.verteco.app\/index.php?rest_route=\/wp\/v2\/product"}],"about":[{"href":"https:\/\/aramiso-test.verteco.app\/index.php?rest_route=\/wp\/v2\/types\/product"}],"replies":[{"embeddable":true,"href":"https:\/\/aramiso-test.verteco.app\/index.php?rest_route=%2Fwp%2Fv2%2Fcomments&post=10304"}],"wp:attachment":[{"href":"https:\/\/aramiso-test.verteco.app\/index.php?rest_route=%2Fwp%2Fv2%2Fmedia&parent=10304"}],"wp:term":[{"taxonomy":"product_brand","embeddable":true,"href":"https:\/\/aramiso-test.verteco.app\/index.php?rest_route=%2Fwp%2Fv2%2Fproduct_brand&post=10304"},{"taxonomy":"product_cat","embeddable":true,"href":"https:\/\/aramiso-test.verteco.app\/index.php?rest_route=%2Fwp%2Fv2%2Fproduct_cat&post=10304"},{"taxonomy":"product_tag","embeddable":true,"href":"https:\/\/aramiso-test.verteco.app\/index.php?rest_route=%2Fwp%2Fv2%2Fproduct_tag&post=10304"}],"curies":[{"name":"wp","href":"https:\/\/api.w.org\/{rel}","templated":true}]}}