{"id":10265,"date":"2025-08-03T12:12:52","date_gmt":"2025-08-03T12:12:52","guid":{"rendered":"https:\/\/aramiso-test.verteco.app\/?product=stitok-branovy-zdobeny-pravy-265x105-t3mm-85mm"},"modified":"2025-08-03T12:12:59","modified_gmt":"2025-08-03T12:12:59","slug":"stitok-branovy-zdobeny-pravy-265x105-t3mm-85mm","status":"publish","type":"product","link":"https:\/\/aramiso-test.verteco.app\/?product=stitok-branovy-zdobeny-pravy-265x105-t3mm-85mm","title":{"rendered":"\u0160t\u00edtok br\u00e1nov\u00fd zdoben\u00fd prav\u00fd 265&#215;105, t3mm, 85mm"},"content":{"rendered":"","protected":false},"excerpt":{"rendered":"<p>Materi\u00e1l: Oce\u013e, Povrchov\u00e1 \u00faprava: Zdoben\u00fd, \u0160t\u00edtky: Br\u00e1nov\u00e9, Z\u00e1mkov\u00fd otvor: FAB, Osov\u00fd rozostup: 85mm<\/p>\n","protected":false},"featured_media":0,"comment_status":"closed","ping_status":"open","template":"","meta":[],"product_brand":[],"product_cat":[15],"product_tag":[],"class_list":{"0":"post-10265","1":"product","2":"type-product","3":"status-publish","5":"product_cat-uncategorized","7":"first","8":"onbackorder","9":"sale","10":"purchasable","11":"product-type-simple"},"_links":{"self":[{"href":"https:\/\/aramiso-test.verteco.app\/index.php?rest_route=\/wp\/v2\/product\/10265","targetHints":{"allow":["GET"]}}],"collection":[{"href":"https:\/\/aramiso-test.verteco.app\/index.php?rest_route=\/wp\/v2\/product"}],"about":[{"href":"https:\/\/aramiso-test.verteco.app\/index.php?rest_route=\/wp\/v2\/types\/product"}],"replies":[{"embeddable":true,"href":"https:\/\/aramiso-test.verteco.app\/index.php?rest_route=%2Fwp%2Fv2%2Fcomments&post=10265"}],"wp:attachment":[{"href":"https:\/\/aramiso-test.verteco.app\/index.php?rest_route=%2Fwp%2Fv2%2Fmedia&parent=10265"}],"wp:term":[{"taxonomy":"product_brand","embeddable":true,"href":"https:\/\/aramiso-test.verteco.app\/index.php?rest_route=%2Fwp%2Fv2%2Fproduct_brand&post=10265"},{"taxonomy":"product_cat","embeddable":true,"href":"https:\/\/aramiso-test.verteco.app\/index.php?rest_route=%2Fwp%2Fv2%2Fproduct_cat&post=10265"},{"taxonomy":"product_tag","embeddable":true,"href":"https:\/\/aramiso-test.verteco.app\/index.php?rest_route=%2Fwp%2Fv2%2Fproduct_tag&post=10265"}],"curies":[{"name":"wp","href":"https:\/\/api.w.org\/{rel}","templated":true}]}}