{"id":10242,"date":"2025-08-03T12:12:35","date_gmt":"2025-08-03T12:12:35","guid":{"rendered":"https:\/\/aramiso-test.verteco.app\/?product=rollkit-motor-pre-posuvnu-branu-do-400kg"},"modified":"2025-08-03T12:12:43","modified_gmt":"2025-08-03T12:12:43","slug":"rollkit-motor-pre-posuvnu-branu-do-400kg","status":"publish","type":"product","link":"https:\/\/aramiso-test.verteco.app\/?product=rollkit-motor-pre-posuvnu-branu-do-400kg","title":{"rendered":"ROLLKIT motor pre posuvn\u00fa br\u00e1nu do 400kg"},"content":{"rendered":"<p>Sada pohonu ROLLKIT pre posuvn\u00e9 br\u00e1ny max. 400kg (doporu\u010den\u00e1 v\u00e1ha samonosnej br\u00e1ny 200kg, kolieskovej 300kg). V balen\u00ed motor s elektronikou CUD-3S, roz\u0161\u00edren\u00fdmi funkciami a SMARTBOX1-WIFI pre spojenie elektroniky pohonu s dom\u00e1cou wifi sie\u0165ou.<\/p>\n","protected":false},"excerpt":{"rendered":"<p>Zna\u010dka: Rollkit, Modul oz. hrebe\u0148a: mod 4, Hmotnos\u0165 kr\u00eddla (odpor\u00fa\u010dan\u00e1): 200kg, Frekvencia (MHz): 433, WIFI pripojenie: \u00c1no, Typ k\u00f3du: Rolling, Obsah zostavy: PL400E-1x, CUD3S-1x, TR2-434-2x, SMARTBOX1-WIFI-1x, Spomalenie motora: Spoma\u013euje pred koncov\u00fdmi polohami, Nap\u00e1janie motora: DC 24V, V\u00fdkon: 110W, Sila: 400N, R\u00fdchlos\u0165: 27,1 cm\/s, Nap\u00e1janie: AC 230V, Riadiaca jednotka: CUD-3S, Stupe\u0148 ochrany: IP44<\/p>\n","protected":false},"featured_media":0,"comment_status":"closed","ping_status":"open","template":"","meta":[],"product_brand":[],"product_cat":[15],"product_tag":[],"class_list":{"0":"post-10242","1":"product","2":"type-product","3":"status-publish","5":"product_cat-uncategorized","7":"first","8":"onbackorder","9":"sale","10":"purchasable","11":"product-type-simple"},"_links":{"self":[{"href":"https:\/\/aramiso-test.verteco.app\/index.php?rest_route=\/wp\/v2\/product\/10242","targetHints":{"allow":["GET"]}}],"collection":[{"href":"https:\/\/aramiso-test.verteco.app\/index.php?rest_route=\/wp\/v2\/product"}],"about":[{"href":"https:\/\/aramiso-test.verteco.app\/index.php?rest_route=\/wp\/v2\/types\/product"}],"replies":[{"embeddable":true,"href":"https:\/\/aramiso-test.verteco.app\/index.php?rest_route=%2Fwp%2Fv2%2Fcomments&post=10242"}],"wp:attachment":[{"href":"https:\/\/aramiso-test.verteco.app\/index.php?rest_route=%2Fwp%2Fv2%2Fmedia&parent=10242"}],"wp:term":[{"taxonomy":"product_brand","embeddable":true,"href":"https:\/\/aramiso-test.verteco.app\/index.php?rest_route=%2Fwp%2Fv2%2Fproduct_brand&post=10242"},{"taxonomy":"product_cat","embeddable":true,"href":"https:\/\/aramiso-test.verteco.app\/index.php?rest_route=%2Fwp%2Fv2%2Fproduct_cat&post=10242"},{"taxonomy":"product_tag","embeddable":true,"href":"https:\/\/aramiso-test.verteco.app\/index.php?rest_route=%2Fwp%2Fv2%2Fproduct_tag&post=10242"}],"curies":[{"name":"wp","href":"https:\/\/api.w.org\/{rel}","templated":true}]}}