{"id":10240,"date":"2025-10-26T12:24:18","date_gmt":"2025-10-26T12:24:18","guid":{"rendered":"https:\/\/aramiso-test.verteco.app\/?product=key-pohon-pre-posuv-brany-kit-max-800kg"},"modified":"2025-10-26T12:24:22","modified_gmt":"2025-10-26T12:24:22","slug":"key-pohon-pre-posuv-brany-kit-max-800kg","status":"publish","type":"product","link":"https:\/\/aramiso-test.verteco.app\/?product=key-pohon-pre-posuv-brany-kit-max-800kg","title":{"rendered":"KEY pohon pre posuv. br\u00e1ny, kit, max 800kg,"},"content":{"rendered":"","protected":false},"excerpt":{"rendered":"<p>Zna\u010dka: Key, Modul oz. hrebe\u0148a: mod 4, Hmotnos\u0165 kr\u00eddla (odpor\u00fa\u010dan\u00e1): 400kg, Frekvencia (MHz): 433, Typ k\u00f3du: Rolling, Obsah zostavy: SC82-1x, CT102-1x, RXME-1x, SUB-44R-2x, FT32-p\u00e1r, Spomalenie motora: Spoma\u013euje pred koncov\u00fdmi polohami, Nap\u00e1janie motora: AC 230V, V\u00fdkon: 450W, R\u00fdchlos\u0165: 16 cm\/s, Nap\u00e1janie: AC 230V, Riadiaca jednotka: CT102, Kondenz\u00e1tor: 16uF<\/p>\n","protected":false},"featured_media":0,"comment_status":"closed","ping_status":"open","template":"","meta":[],"product_brand":[],"product_cat":[15],"product_tag":[],"class_list":{"0":"post-10240","1":"product","2":"type-product","3":"status-publish","5":"product_cat-uncategorized","7":"first","8":"onbackorder","9":"sale","10":"purchasable","11":"product-type-simple"},"_links":{"self":[{"href":"https:\/\/aramiso-test.verteco.app\/index.php?rest_route=\/wp\/v2\/product\/10240","targetHints":{"allow":["GET"]}}],"collection":[{"href":"https:\/\/aramiso-test.verteco.app\/index.php?rest_route=\/wp\/v2\/product"}],"about":[{"href":"https:\/\/aramiso-test.verteco.app\/index.php?rest_route=\/wp\/v2\/types\/product"}],"replies":[{"embeddable":true,"href":"https:\/\/aramiso-test.verteco.app\/index.php?rest_route=%2Fwp%2Fv2%2Fcomments&post=10240"}],"wp:attachment":[{"href":"https:\/\/aramiso-test.verteco.app\/index.php?rest_route=%2Fwp%2Fv2%2Fmedia&parent=10240"}],"wp:term":[{"taxonomy":"product_brand","embeddable":true,"href":"https:\/\/aramiso-test.verteco.app\/index.php?rest_route=%2Fwp%2Fv2%2Fproduct_brand&post=10240"},{"taxonomy":"product_cat","embeddable":true,"href":"https:\/\/aramiso-test.verteco.app\/index.php?rest_route=%2Fwp%2Fv2%2Fproduct_cat&post=10240"},{"taxonomy":"product_tag","embeddable":true,"href":"https:\/\/aramiso-test.verteco.app\/index.php?rest_route=%2Fwp%2Fv2%2Fproduct_tag&post=10240"}],"curies":[{"name":"wp","href":"https:\/\/api.w.org\/{rel}","templated":true}]}}