{"id":10222,"date":"2025-09-03T11:04:53","date_gmt":"2025-09-03T11:04:53","guid":{"rendered":"https:\/\/aramiso-test.verteco.app\/?product=nice-pohon-posuv-bran-max-1000kg-s-fotobunkami"},"modified":"2025-09-03T11:04:53","modified_gmt":"2025-09-03T11:04:53","slug":"nice-pohon-posuv-bran-max-1000kg-s-fotobunkami","status":"publish","type":"product","link":"https:\/\/aramiso-test.verteco.app\/?product=nice-pohon-posuv-bran-max-1000kg-s-fotobunkami","title":{"rendered":"NICE pohon posuv. br\u00e1n, max 1000kg s fotobunkami"},"content":{"rendered":"<p>Sada pohonu NICE pre posuvn\u00e9 br\u00e1ny max. 1000kg (doporu\u010den\u00e1 v\u00e1ha samonosnej br\u00e1ny 500kg, kolieskovej 600kg). V balen\u00ed motor ROX600 s elektronikou ROA38, integrovan\u00fd prij\u00edma\u010d, 2x dia\u013ekov\u00fd ovl\u00e1da\u010d FLO2RE, fotobunky BF.<\/p>\n","protected":false},"excerpt":{"rendered":"<p>Zna\u010dka: Nice, Max. d\u013a\u017eka kr\u00eddla: 5m, Modul oz. hrebe\u0148a: mod 4, Hmotnos\u0165 kr\u00eddla (odpor\u00fa\u010dan\u00e1): 500kg, Frekvencia (MHz): 433, Typ k\u00f3du: Rolling, Obsah zostavy: RX1000-1x, ROA40R10-1x, FLO2RE-2x, BF-1x, Spomalenie motora: Spoma\u013euje pred koncov\u00fdmi polohami, Nap\u00e1janie motora: AC 230V, V\u00fdkon: 350W, Sila: 670N, R\u00fdchlos\u0165: 0,18 m\/s, Nap\u00e1janie: AC 230V, Riadiaca jednotka: ROA40R10, Kondenz\u00e1tor: 12uF 2x, Stupe\u0148 ochrany: IP44<\/p>\n","protected":false},"featured_media":0,"comment_status":"closed","ping_status":"open","template":"","meta":[],"product_brand":[],"product_cat":[15],"product_tag":[],"class_list":{"0":"post-10222","1":"product","2":"type-product","3":"status-publish","5":"product_cat-uncategorized","7":"first","8":"onbackorder","9":"sale","10":"purchasable","11":"product-type-simple"},"_links":{"self":[{"href":"https:\/\/aramiso-test.verteco.app\/index.php?rest_route=\/wp\/v2\/product\/10222","targetHints":{"allow":["GET"]}}],"collection":[{"href":"https:\/\/aramiso-test.verteco.app\/index.php?rest_route=\/wp\/v2\/product"}],"about":[{"href":"https:\/\/aramiso-test.verteco.app\/index.php?rest_route=\/wp\/v2\/types\/product"}],"replies":[{"embeddable":true,"href":"https:\/\/aramiso-test.verteco.app\/index.php?rest_route=%2Fwp%2Fv2%2Fcomments&post=10222"}],"wp:attachment":[{"href":"https:\/\/aramiso-test.verteco.app\/index.php?rest_route=%2Fwp%2Fv2%2Fmedia&parent=10222"}],"wp:term":[{"taxonomy":"product_brand","embeddable":true,"href":"https:\/\/aramiso-test.verteco.app\/index.php?rest_route=%2Fwp%2Fv2%2Fproduct_brand&post=10222"},{"taxonomy":"product_cat","embeddable":true,"href":"https:\/\/aramiso-test.verteco.app\/index.php?rest_route=%2Fwp%2Fv2%2Fproduct_cat&post=10222"},{"taxonomy":"product_tag","embeddable":true,"href":"https:\/\/aramiso-test.verteco.app\/index.php?rest_route=%2Fwp%2Fv2%2Fproduct_tag&post=10222"}],"curies":[{"name":"wp","href":"https:\/\/api.w.org\/{rel}","templated":true}]}}