{"id":10218,"date":"2025-10-26T12:24:10","date_gmt":"2025-10-26T12:24:10","guid":{"rendered":"https:\/\/aramiso-test.verteco.app\/?product=kompl-sys-nice-hi-speed-pos-brana-do-500kg"},"modified":"2025-10-26T12:24:14","modified_gmt":"2025-10-26T12:24:14","slug":"kompl-sys-nice-hi-speed-pos-brana-do-500kg","status":"publish","type":"product","link":"https:\/\/aramiso-test.verteco.app\/?product=kompl-sys-nice-hi-speed-pos-brana-do-500kg","title":{"rendered":"Kompl. sys. NICE &#8211; HI SPEED &#8211; pos. br\u00e1na do 500kg"},"content":{"rendered":"","protected":false},"excerpt":{"rendered":"<p>Zna\u010dka: Nice, Max. d\u013a\u017eka kr\u00eddla: 8m, Modul oz. hrebe\u0148a: mod 4, Frekvencia (MHz): 433, Typ k\u00f3du: Rolling, Spomalenie motora: Spoma\u013euje pred koncov\u00fdmi polohami, Nap\u00e1janie motora: DC 24V, V\u00fdkon: 450W, Sila: 360 N, R\u00fdchlos\u0165: 0,44 m\/s, Nap\u00e1janie: AC 230V, Riadiaca jednotka: RBA3HSR10, Master\/Slave: \u00c1no, Stupe\u0148 ochrany: IP44<\/p>\n","protected":false},"featured_media":0,"comment_status":"closed","ping_status":"open","template":"","meta":[],"product_brand":[],"product_cat":[15],"product_tag":[],"class_list":{"0":"post-10218","1":"product","2":"type-product","3":"status-publish","5":"product_cat-uncategorized","7":"first","8":"instock","9":"sale","10":"purchasable","11":"product-type-simple"},"_links":{"self":[{"href":"https:\/\/aramiso-test.verteco.app\/index.php?rest_route=\/wp\/v2\/product\/10218","targetHints":{"allow":["GET"]}}],"collection":[{"href":"https:\/\/aramiso-test.verteco.app\/index.php?rest_route=\/wp\/v2\/product"}],"about":[{"href":"https:\/\/aramiso-test.verteco.app\/index.php?rest_route=\/wp\/v2\/types\/product"}],"replies":[{"embeddable":true,"href":"https:\/\/aramiso-test.verteco.app\/index.php?rest_route=%2Fwp%2Fv2%2Fcomments&post=10218"}],"wp:attachment":[{"href":"https:\/\/aramiso-test.verteco.app\/index.php?rest_route=%2Fwp%2Fv2%2Fmedia&parent=10218"}],"wp:term":[{"taxonomy":"product_brand","embeddable":true,"href":"https:\/\/aramiso-test.verteco.app\/index.php?rest_route=%2Fwp%2Fv2%2Fproduct_brand&post=10218"},{"taxonomy":"product_cat","embeddable":true,"href":"https:\/\/aramiso-test.verteco.app\/index.php?rest_route=%2Fwp%2Fv2%2Fproduct_cat&post=10218"},{"taxonomy":"product_tag","embeddable":true,"href":"https:\/\/aramiso-test.verteco.app\/index.php?rest_route=%2Fwp%2Fv2%2Fproduct_tag&post=10218"}],"curies":[{"name":"wp","href":"https:\/\/api.w.org\/{rel}","templated":true}]}}