{"id":10215,"date":"2025-08-03T12:12:02","date_gmt":"2025-08-03T12:12:02","guid":{"rendered":"https:\/\/aramiso-test.verteco.app\/?product=rezny-a-vrtaci-olej-v-spreji-400ml"},"modified":"2025-08-03T12:12:19","modified_gmt":"2025-08-03T12:12:19","slug":"rezny-a-vrtaci-olej-v-spreji-400ml","status":"publish","type":"product","link":"https:\/\/aramiso-test.verteco.app\/?product=rezny-a-vrtaci-olej-v-spreji-400ml","title":{"rendered":"Rezn\u00fd a v\u0155tac\u00ed olej v spreji 400ml"},"content":{"rendered":"<p>Pre v\u0161etky druhy kovov\u00e9ho obr\u00e1bania s po\u017eiadavkou vysokej produktivity a trvanlivosti n\u00e1stroja. Chlad\u00ed a ma\u017ee rezn\u00fd brit, zni\u017euje trenie, zni\u017euje opotrebovanie n\u00e1strojov, predl\u017euje \u017eivotnos\u0165.<br \/>\nVyvinut\u00fd na rezanie z\u00e1vitov, v\u0155tanie, fr\u00e9zovanie, rezanie p\u00edlou a lisovanie. Pre v\u0161etky druhy oceli, liatiny, u\u0161\u013eachtilej ocele, medi, mosadzi, hlin\u00edku a ich zliatin.<br \/>\nU\u013eah\u010duje proces obr\u00e1bania.<br \/>\nNeobsahuje miner\u00e1lne oleje a je biologicky plne odb\u00farate\u013en\u00fd.<\/p>\n<p>Detailn\u00e9 inform\u00e1cie k v\u00fdrobku, postupy, hodnoty at\u010f. s\u00fa uveden\u00e9 v technickom liste.<\/p>\n","protected":false},"excerpt":{"rendered":"<p>Materi\u00e1l: Ch\u00e9mia<\/p>\n","protected":false},"featured_media":0,"comment_status":"closed","ping_status":"open","template":"","meta":[],"product_brand":[],"product_cat":[15],"product_tag":[],"class_list":{"0":"post-10215","1":"product","2":"type-product","3":"status-publish","5":"product_cat-uncategorized","7":"first","8":"onbackorder","9":"sale","10":"purchasable","11":"product-type-simple"},"_links":{"self":[{"href":"https:\/\/aramiso-test.verteco.app\/index.php?rest_route=\/wp\/v2\/product\/10215","targetHints":{"allow":["GET"]}}],"collection":[{"href":"https:\/\/aramiso-test.verteco.app\/index.php?rest_route=\/wp\/v2\/product"}],"about":[{"href":"https:\/\/aramiso-test.verteco.app\/index.php?rest_route=\/wp\/v2\/types\/product"}],"replies":[{"embeddable":true,"href":"https:\/\/aramiso-test.verteco.app\/index.php?rest_route=%2Fwp%2Fv2%2Fcomments&post=10215"}],"wp:attachment":[{"href":"https:\/\/aramiso-test.verteco.app\/index.php?rest_route=%2Fwp%2Fv2%2Fmedia&parent=10215"}],"wp:term":[{"taxonomy":"product_brand","embeddable":true,"href":"https:\/\/aramiso-test.verteco.app\/index.php?rest_route=%2Fwp%2Fv2%2Fproduct_brand&post=10215"},{"taxonomy":"product_cat","embeddable":true,"href":"https:\/\/aramiso-test.verteco.app\/index.php?rest_route=%2Fwp%2Fv2%2Fproduct_cat&post=10215"},{"taxonomy":"product_tag","embeddable":true,"href":"https:\/\/aramiso-test.verteco.app\/index.php?rest_route=%2Fwp%2Fv2%2Fproduct_tag&post=10215"}],"curies":[{"name":"wp","href":"https:\/\/api.w.org\/{rel}","templated":true}]}}