{"id":10214,"date":"2025-10-26T12:24:10","date_gmt":"2025-10-26T12:24:10","guid":{"rendered":"https:\/\/aramiso-test.verteco.app\/?product=spray-antikorozna-farba-v-spreji-antracit400ml"},"modified":"2025-10-26T12:24:11","modified_gmt":"2025-10-26T12:24:11","slug":"spray-antikorozna-farba-v-spreji-antracit400ml","status":"publish","type":"product","link":"https:\/\/aramiso-test.verteco.app\/?product=spray-antikorozna-farba-v-spreji-antracit400ml","title":{"rendered":"Spray &#8211; antikor\u00f3zna farba v spreji, antracit,400ml"},"content":{"rendered":"<p>Origin\u00e1lny WS-Plast n\u00e1ter M 4200 v spreji je ur\u010den\u00fd na opravu po\u0161koden\u00fdch oblasti v d\u00f4sledku prepravy alebo mont\u00e1\u017ee.<br \/>\n\u010cist\u00fd akryl\u00e1tov\u00fd n\u00e1terov\u00fd syst\u00e9m, ktor\u00fd v\u010faka svojmu \u0161peci\u00e1lnemu zlo\u017eeniu nevy\u017eaduje z\u00e1kladn\u00fd n\u00e1ter na zinok a hlin\u00edkov\u00e9 povrchy.<br \/>\nJe vhodn\u00fd na opravy \u017eiarovo pozinkovan\u00fdch povrchov &#8211; ploty, br\u00e1ny, balk\u00f3nov\u00e9 z\u00e1bradlia, svietidl\u00e1, odkvapy, oce\u013eov\u00e9 kon\u0161trukcie, ako aj neeloxovan\u00e9 hlin\u00edkov\u00e9 komponenty ako napr. baldach\u00fdny, sto\u017eiare, obklady fas\u00e1d a mnoho \u010fal\u0161ieho.<\/p>\n<p>Polomat<br \/>\n\u2022 Duplexn\u00fd syst\u00e9m<br \/>\n\u2022 Obsahuje rozp\u00fa\u0161\u0165adl\u00e1<br \/>\n\u2022 Pri\u013ene priamo k zinku a hlin\u00edku<br \/>\n\u2022 Odoln\u00e9 vo\u010di svetlu a poveternostn\u00fdm vplyvom<\/p>\n","protected":false},"excerpt":{"rendered":"<p>Materi\u00e1l: Ch\u00e9mia, Vzh\u013ead: Antracit RAL7016<\/p>\n","protected":false},"featured_media":0,"comment_status":"closed","ping_status":"open","template":"","meta":[],"product_brand":[],"product_cat":[15],"product_tag":[],"class_list":{"0":"post-10214","1":"product","2":"type-product","3":"status-publish","5":"product_cat-uncategorized","7":"first","8":"onbackorder","9":"sale","10":"purchasable","11":"product-type-simple"},"_links":{"self":[{"href":"https:\/\/aramiso-test.verteco.app\/index.php?rest_route=\/wp\/v2\/product\/10214","targetHints":{"allow":["GET"]}}],"collection":[{"href":"https:\/\/aramiso-test.verteco.app\/index.php?rest_route=\/wp\/v2\/product"}],"about":[{"href":"https:\/\/aramiso-test.verteco.app\/index.php?rest_route=\/wp\/v2\/types\/product"}],"replies":[{"embeddable":true,"href":"https:\/\/aramiso-test.verteco.app\/index.php?rest_route=%2Fwp%2Fv2%2Fcomments&post=10214"}],"wp:attachment":[{"href":"https:\/\/aramiso-test.verteco.app\/index.php?rest_route=%2Fwp%2Fv2%2Fmedia&parent=10214"}],"wp:term":[{"taxonomy":"product_brand","embeddable":true,"href":"https:\/\/aramiso-test.verteco.app\/index.php?rest_route=%2Fwp%2Fv2%2Fproduct_brand&post=10214"},{"taxonomy":"product_cat","embeddable":true,"href":"https:\/\/aramiso-test.verteco.app\/index.php?rest_route=%2Fwp%2Fv2%2Fproduct_cat&post=10214"},{"taxonomy":"product_tag","embeddable":true,"href":"https:\/\/aramiso-test.verteco.app\/index.php?rest_route=%2Fwp%2Fv2%2Fproduct_tag&post=10214"}],"curies":[{"name":"wp","href":"https:\/\/api.w.org\/{rel}","templated":true}]}}