{"id":10210,"date":"2025-10-26T12:24:10","date_gmt":"2025-10-26T12:24:10","guid":{"rendered":"https:\/\/aramiso-test.verteco.app\/?product=spray-antikorozna-farba-v-spreji-cierny-400ml"},"modified":"2025-10-26T12:24:10","modified_gmt":"2025-10-26T12:24:10","slug":"spray-antikorozna-farba-v-spreji-cierny-400ml","status":"publish","type":"product","link":"https:\/\/aramiso-test.verteco.app\/?product=spray-antikorozna-farba-v-spreji-cierny-400ml","title":{"rendered":"Spray &#8211; antikor\u00f3zna farba v spreji, \u010dierny, 400ml"},"content":{"rendered":"<p>RAL 9005 \u010cierna matn\u00e1<br \/>\nUNIVERZ\u00c1LNA AKRYLOV\u00c1 FARBA &#8211; Univerz\u00e1lny lak pre interi\u00e9r aj exteri\u00e9r. Doba schnutia na dotyk je okolo 15 min\u00fat, plne vyschnutie je za zhruba 45 min\u00fat. Pou\u017eite\u013en\u00fd napr. na drevo, kovy, sklo, keramiku, sadru, murivo, dvere, n\u00e1bytok, radi\u00e1tory a mnoho in\u00fdch.<\/p>\n","protected":false},"excerpt":{"rendered":"<p>Materi\u00e1l: Ch\u00e9mia, Vzh\u013ead: \u010cierna RAL 9005<\/p>\n","protected":false},"featured_media":0,"comment_status":"closed","ping_status":"open","template":"","meta":[],"product_brand":[],"product_cat":[15],"product_tag":[],"class_list":{"0":"post-10210","1":"product","2":"type-product","3":"status-publish","5":"product_cat-uncategorized","7":"first","8":"onbackorder","9":"sale","10":"purchasable","11":"product-type-simple"},"_links":{"self":[{"href":"https:\/\/aramiso-test.verteco.app\/index.php?rest_route=\/wp\/v2\/product\/10210","targetHints":{"allow":["GET"]}}],"collection":[{"href":"https:\/\/aramiso-test.verteco.app\/index.php?rest_route=\/wp\/v2\/product"}],"about":[{"href":"https:\/\/aramiso-test.verteco.app\/index.php?rest_route=\/wp\/v2\/types\/product"}],"replies":[{"embeddable":true,"href":"https:\/\/aramiso-test.verteco.app\/index.php?rest_route=%2Fwp%2Fv2%2Fcomments&post=10210"}],"wp:attachment":[{"href":"https:\/\/aramiso-test.verteco.app\/index.php?rest_route=%2Fwp%2Fv2%2Fmedia&parent=10210"}],"wp:term":[{"taxonomy":"product_brand","embeddable":true,"href":"https:\/\/aramiso-test.verteco.app\/index.php?rest_route=%2Fwp%2Fv2%2Fproduct_brand&post=10210"},{"taxonomy":"product_cat","embeddable":true,"href":"https:\/\/aramiso-test.verteco.app\/index.php?rest_route=%2Fwp%2Fv2%2Fproduct_cat&post=10210"},{"taxonomy":"product_tag","embeddable":true,"href":"https:\/\/aramiso-test.verteco.app\/index.php?rest_route=%2Fwp%2Fv2%2Fproduct_tag&post=10210"}],"curies":[{"name":"wp","href":"https:\/\/api.w.org\/{rel}","templated":true}]}}