{"id":10206,"date":"2025-10-26T12:24:02","date_gmt":"2025-10-26T12:24:02","guid":{"rendered":"https:\/\/aramiso-test.verteco.app\/?product=patina-zlata-100ml-au"},"modified":"2025-10-26T12:24:08","modified_gmt":"2025-10-26T12:24:08","slug":"patina-zlata-100ml-au","status":"publish","type":"product","link":"https:\/\/aramiso-test.verteco.app\/?product=patina-zlata-100ml-au","title":{"rendered":"Patina zlat\u00e1 100ml, Au"},"content":{"rendered":"<p>Pou\u017e\u00edva sa na patinovanie plotov, br\u00e1n, br\u00e1nok, z\u00e1bradl\u00ed, mre\u017e\u00ed a in\u00fdch kovan\u00fdch v\u00fdrobkov, doplnkov, d\u00e1va v\u00fdrobku dobov\u00fd vzh\u013ead, zv\u00fdraz\u0148uje nerovnosti napr. zdoben\u00fdch materi\u00e1lov, kovan\u00e9ho \u017eeleza. Nan\u00e1\u0161a sa polosuch\u00fdm \u0161tetcom na vopred farbou povrchovo upraven\u00fd v\u00fdrobok (vhodn\u00e9 farby n\u00e1jdete v sekcii &#8220;Dom, diel\u0148a, z\u00e1hrada &#8211; Farby, patiny&#8221;). N\u00e1vod na patinovanie si pozrite na:<\/p>\n","protected":false},"excerpt":{"rendered":"<p>Vzh\u013ead: Zlat\u00e1, Podklad: Zn, Al, Fe, PVC, Drevo, Bet\u00f3n, Vzh\u013ead &#8211; efekt: Patina, Typ\/zlo\u017eenie: WS<\/p>\n","protected":false},"featured_media":0,"comment_status":"closed","ping_status":"open","template":"","meta":[],"product_brand":[],"product_cat":[15],"product_tag":[],"class_list":{"0":"post-10206","1":"product","2":"type-product","3":"status-publish","5":"product_cat-uncategorized","7":"first","8":"instock","9":"sale","10":"purchasable","11":"product-type-simple"},"_links":{"self":[{"href":"https:\/\/aramiso-test.verteco.app\/index.php?rest_route=\/wp\/v2\/product\/10206","targetHints":{"allow":["GET"]}}],"collection":[{"href":"https:\/\/aramiso-test.verteco.app\/index.php?rest_route=\/wp\/v2\/product"}],"about":[{"href":"https:\/\/aramiso-test.verteco.app\/index.php?rest_route=\/wp\/v2\/types\/product"}],"replies":[{"embeddable":true,"href":"https:\/\/aramiso-test.verteco.app\/index.php?rest_route=%2Fwp%2Fv2%2Fcomments&post=10206"}],"wp:attachment":[{"href":"https:\/\/aramiso-test.verteco.app\/index.php?rest_route=%2Fwp%2Fv2%2Fmedia&parent=10206"}],"wp:term":[{"taxonomy":"product_brand","embeddable":true,"href":"https:\/\/aramiso-test.verteco.app\/index.php?rest_route=%2Fwp%2Fv2%2Fproduct_brand&post=10206"},{"taxonomy":"product_cat","embeddable":true,"href":"https:\/\/aramiso-test.verteco.app\/index.php?rest_route=%2Fwp%2Fv2%2Fproduct_cat&post=10206"},{"taxonomy":"product_tag","embeddable":true,"href":"https:\/\/aramiso-test.verteco.app\/index.php?rest_route=%2Fwp%2Fv2%2Fproduct_tag&post=10206"}],"curies":[{"name":"wp","href":"https:\/\/api.w.org\/{rel}","templated":true}]}}